{"id":5922,"date":"2026-03-07T02:00:09","date_gmt":"2026-03-07T02:00:09","guid":{"rendered":"https:\/\/ninahaeussle.at\/stagingkraftsymbol\/?page_id=5922"},"modified":"2026-03-07T02:01:19","modified_gmt":"2026-03-07T02:01:19","slug":"nina","status":"publish","type":"page","link":"https:\/\/ninahaeussle.at\/kraftsymbol\/nina\/","title":{"rendered":"Nina"},"content":{"rendered":"\t\t<div data-elementor-type=\"wp-page\" data-elementor-id=\"5922\" class=\"elementor elementor-5922\" data-elementor-post-type=\"page\">\n\t\t\t\t\t\t<section class=\"elementor-section elementor-top-section elementor-element elementor-element-1bd286f1 elementor-section-boxed elementor-section-height-default elementor-section-height-default\" data-id=\"1bd286f1\" data-element_type=\"section\" data-e-type=\"section\" id=\"top\" data-settings=\"{&quot;background_background&quot;:&quot;gradient&quot;}\">\n\t\t\t\t\t\t<div class=\"elementor-container elementor-column-gap-default\">\n\t\t\t\t\t<div class=\"elementor-column elementor-col-66 elementor-top-column elementor-element elementor-element-7a84bd24\" data-id=\"7a84bd24\" data-element_type=\"column\" data-e-type=\"column\">\n\t\t\t<div class=\"elementor-widget-wrap elementor-element-populated\">\n\t\t\t\t\t\t<div class=\"elementor-element elementor-element-38a8b232 elementor-widget elementor-widget-image\" data-id=\"38a8b232\" data-element_type=\"widget\" data-e-type=\"widget\" data-widget_type=\"image.default\">\n\t\t\t\t<div class=\"elementor-widget-container\">\n\t\t\t\t\t\t\t\t\t\t\t\t\t\t\t<img fetchpriority=\"high\" decoding=\"async\" width=\"816\" height=\"816\" src=\"https:\/\/ninahaeussle.at\/kraftsymbol\/wp-content\/uploads\/2022\/11\/grafikerin-nina-haeussle.jpg\" class=\"attachment-full size-full wp-image-5041\" alt=\"\" srcset=\"https:\/\/ninahaeussle.at\/kraftsymbol\/wp-content\/uploads\/2022\/11\/grafikerin-nina-haeussle.jpg 816w, https:\/\/ninahaeussle.at\/kraftsymbol\/wp-content\/uploads\/2022\/11\/grafikerin-nina-haeussle-300x300.jpg 300w, https:\/\/ninahaeussle.at\/kraftsymbol\/wp-content\/uploads\/2022\/11\/grafikerin-nina-haeussle-150x150.jpg 150w, https:\/\/ninahaeussle.at\/kraftsymbol\/wp-content\/uploads\/2022\/11\/grafikerin-nina-haeussle-768x768.jpg 768w\" sizes=\"(max-width: 816px) 100vw, 816px\" \/>\t\t\t\t\t\t\t\t\t\t\t\t\t\t\t<\/div>\n\t\t\t\t<\/div>\n\t\t\t\t\t<\/div>\n\t\t<\/div>\n\t\t\t\t<div class=\"elementor-column elementor-col-33 elementor-top-column elementor-element elementor-element-7bb0131b\" data-id=\"7bb0131b\" data-element_type=\"column\" data-e-type=\"column\">\n\t\t\t<div class=\"elementor-widget-wrap elementor-element-populated\">\n\t\t\t\t\t\t<div class=\"elementor-element elementor-element-686ae2fb elementor-widget elementor-widget-heading\" data-id=\"686ae2fb\" data-element_type=\"widget\" data-e-type=\"widget\" data-widget_type=\"heading.default\">\n\t\t\t\t<div class=\"elementor-widget-container\">\n\t\t\t\t\t<h2 class=\"elementor-heading-title elementor-size-default\">Nina H\u00e4u\u00dfle<\/h2>\t\t\t\t<\/div>\n\t\t\t\t<\/div>\n\t\t\t\t<div class=\"elementor-element elementor-element-34b04179 elementor-widget elementor-widget-heading\" data-id=\"34b04179\" data-element_type=\"widget\" data-e-type=\"widget\" data-widget_type=\"heading.default\">\n\t\t\t\t<div class=\"elementor-widget-container\">\n\t\t\t\t\t<h4 class=\"elementor-heading-title elementor-size-default\">Ich gestalte als Grafikerin f\u00fcr unterschiedliche Firmen und Auftraggeber Grafik f\u00fcr deren Bedarf. Meine hohe Auffassungsgabe und Anpassungsf\u00e4higkeit erm\u00f6glicht es mir, sich mit neu zu entwickelnden Produkten wie zum Beispiel Imagebrosch\u00fcren und Werbeartikeln an das bestehende Erscheinungsbild anzupassen und das Sortiment dadurch zu erweitern. Das mache sie mit gro\u00dfer Gewissenhaftigkeit und Genauigkeit.<\/h4>\t\t\t\t<\/div>\n\t\t\t\t<\/div>\n\t\t\t\t<div class=\"elementor-element elementor-element-3cccdab6 elementor-widget elementor-widget-text-editor\" data-id=\"3cccdab6\" data-element_type=\"widget\" data-e-type=\"widget\" data-widget_type=\"text-editor.default\">\n\t\t\t\t<div class=\"elementor-widget-container\">\n\t\t\t\t\t\t\t\t\t<ul><li><b>Mediendesign-Studium an den Fachhochschulen Vorarlberg und Helsinki<\/b><\/li><li><b>Seit 12 Jahren als Grafikerin mit meinem Unternehmen <\/b><b><i>Nina H\u00e4u\u00dfle Grafik <\/i><\/b><b>selbst\u00e4ndig<\/b><\/li><li><b>spezialisiert auf pr\u00e4zise Designumsetzung<\/b><\/li><li><p><b>Kunden aus \u00d6sterreich, Deutschland, Liechtenstein und der Schweiz<\/b><\/p><\/li><\/ul>\t\t\t\t\t\t\t\t<\/div>\n\t\t\t\t<\/div>\n\t\t\t\t<div class=\"elementor-element elementor-element-6cd4fdd7 elementor-align-left elementor-mobile-align-center elementor-widget__width-auto elementor-widget-mobile__width-inherit elementor-widget elementor-widget-button\" data-id=\"6cd4fdd7\" data-element_type=\"widget\" data-e-type=\"widget\" data-widget_type=\"button.default\">\n\t\t\t\t<div class=\"elementor-widget-container\">\n\t\t\t\t\t\t\t\t\t<div class=\"elementor-button-wrapper\">\n\t\t\t\t\t<a class=\"elementor-button elementor-button-link elementor-size-sm\" href=\"https:\/\/ninahaeussle.at\/\">\n\t\t\t\t\t\t<span class=\"elementor-button-content-wrapper\">\n\t\t\t\t\t\t\t\t\t<span class=\"elementor-button-text\">Mehr zu mir<\/span>\n\t\t\t\t\t<\/span>\n\t\t\t\t\t<\/a>\n\t\t\t\t<\/div>\n\t\t\t\t\t\t\t\t<\/div>\n\t\t\t\t<\/div>\n\t\t\t\t\t<\/div>\n\t\t<\/div>\n\t\t\t\t\t<\/div>\n\t\t<\/section>\n\t\t\t\t<section class=\"elementor-section elementor-top-section elementor-element elementor-element-2a04652e elementor-section-boxed elementor-section-height-default elementor-section-height-default\" data-id=\"2a04652e\" data-element_type=\"section\" data-e-type=\"section\">\n\t\t\t\t\t\t<div class=\"elementor-container elementor-column-gap-default\">\n\t\t\t\t\t<div class=\"elementor-column elementor-col-100 elementor-top-column elementor-element elementor-element-7a8b95b7\" data-id=\"7a8b95b7\" data-element_type=\"column\" data-e-type=\"column\">\n\t\t\t<div class=\"elementor-widget-wrap elementor-element-populated\">\n\t\t\t\t\t\t<div class=\"elementor-element elementor-element-1f4b4538 elementor-align-center elementor-widget elementor-widget-button\" data-id=\"1f4b4538\" data-element_type=\"widget\" data-e-type=\"widget\" data-widget_type=\"button.default\">\n\t\t\t\t<div class=\"elementor-widget-container\">\n\t\t\t\t\t\t\t\t\t<div class=\"elementor-button-wrapper\">\n\t\t\t\t\t<a class=\"elementor-button elementor-button-link elementor-size-sm\" href=\"https:\/\/sabineknoerle.de\/erstgespraech-buchen\/\">\n\t\t\t\t\t\t<span class=\"elementor-button-content-wrapper\">\n\t\t\t\t\t\t\t\t\t<span class=\"elementor-button-text\">Jetzt kostenfreies Erstgespr\u00e4ch mit Sabine vereinbaren<\/span>\n\t\t\t\t\t<\/span>\n\t\t\t\t\t<\/a>\n\t\t\t\t<\/div>\n\t\t\t\t\t\t\t\t<\/div>\n\t\t\t\t<\/div>\n\t\t\t\t\t<\/div>\n\t\t<\/div>\n\t\t\t\t\t<\/div>\n\t\t<\/section>\n\t\t\t\t<\/div>\n\t\t","protected":false},"excerpt":{"rendered":"<p>Nina H\u00e4u\u00dfle Ich gestalte als Grafikerin f\u00fcr unterschiedliche Firmen und Auftraggeber Grafik f\u00fcr deren Bedarf. Meine hohe Auffassungsgabe und Anpassungsf\u00e4higkeit erm\u00f6glicht es mir, sich mit neu zu entwickelnden Produkten wie zum Beispiel Imagebrosch\u00fcren und Werbeartikeln an das bestehende Erscheinungsbild anzupassen und das Sortiment dadurch zu erweitern. Das mache sie mit gro\u00dfer Gewissenhaftigkeit und Genauigkeit. Mediendesign-Studium [&hellip;]<\/p>\n","protected":false},"author":1,"featured_media":0,"parent":0,"menu_order":0,"comment_status":"closed","ping_status":"closed","template":"elementor_header_footer","meta":{"footnotes":""},"class_list":["post-5922","page","type-page","status-publish","hentry"],"yoast_head":"<!-- This site is optimized with the Yoast SEO plugin v26.9 - https:\/\/yoast.com\/product\/yoast-seo-wordpress\/ -->\n<title>Nina - Nina H\u00e4u\u00dfle Grafik | Dein Kraftsymbol<\/title>\n<meta name=\"robots\" content=\"noindex, follow, max-snippet:-1, max-image-preview:large, max-video-preview:-1\" \/>\n<meta property=\"og:locale\" content=\"de_DE\" \/>\n<meta property=\"og:type\" content=\"article\" \/>\n<meta property=\"og:title\" content=\"Nina - Nina H\u00e4u\u00dfle Grafik | Dein Kraftsymbol\" \/>\n<meta property=\"og:description\" content=\"Nina H\u00e4u\u00dfle Ich gestalte als Grafikerin f\u00fcr unterschiedliche Firmen und Auftraggeber Grafik f\u00fcr deren Bedarf. Meine hohe Auffassungsgabe und Anpassungsf\u00e4higkeit erm\u00f6glicht es mir, sich mit neu zu entwickelnden Produkten wie zum Beispiel Imagebrosch\u00fcren und Werbeartikeln an das bestehende Erscheinungsbild anzupassen und das Sortiment dadurch zu erweitern. Das mache sie mit gro\u00dfer Gewissenhaftigkeit und Genauigkeit. Mediendesign-Studium [&hellip;]\" \/>\n<meta property=\"og:url\" content=\"https:\/\/ninahaeussle.at\/kraftsymbol\/nina\/\" \/>\n<meta property=\"og:site_name\" content=\"Nina H\u00e4u\u00dfle Grafik | Dein Kraftsymbol\" \/>\n<meta property=\"article:modified_time\" content=\"2026-03-07T02:01:19+00:00\" \/>\n<meta property=\"og:image\" content=\"https:\/\/ninahaeussle.at\/kraftsymbol\/wp-content\/uploads\/2022\/11\/grafikerin-nina-haeussle.jpg\" \/>\n\t<meta property=\"og:image:width\" content=\"816\" \/>\n\t<meta property=\"og:image:height\" content=\"816\" \/>\n\t<meta property=\"og:image:type\" content=\"image\/jpeg\" \/>\n<meta name=\"twitter:card\" content=\"summary_large_image\" \/>\n<meta name=\"twitter:label1\" content=\"Gesch\u00e4tzte Lesezeit\" \/>\n\t<meta name=\"twitter:data1\" content=\"1\u00a0Minute\" \/>\n<script type=\"application\/ld+json\" class=\"yoast-schema-graph\">{\"@context\":\"https:\/\/schema.org\",\"@graph\":[{\"@type\":\"WebPage\",\"@id\":\"https:\/\/ninahaeussle.at\/kraftsymbol\/nina\/\",\"url\":\"https:\/\/ninahaeussle.at\/kraftsymbol\/nina\/\",\"name\":\"Nina - Nina H\u00e4u\u00dfle Grafik | Dein Kraftsymbol\",\"isPartOf\":{\"@id\":\"https:\/\/ninahaeussle.at\/kraftsymbol\/#website\"},\"primaryImageOfPage\":{\"@id\":\"https:\/\/ninahaeussle.at\/kraftsymbol\/nina\/#primaryimage\"},\"image\":{\"@id\":\"https:\/\/ninahaeussle.at\/kraftsymbol\/nina\/#primaryimage\"},\"thumbnailUrl\":\"https:\/\/ninahaeussle.at\/kraftsymbol\/wp-content\/uploads\/2022\/11\/grafikerin-nina-haeussle.jpg\",\"datePublished\":\"2026-03-07T02:00:09+00:00\",\"dateModified\":\"2026-03-07T02:01:19+00:00\",\"breadcrumb\":{\"@id\":\"https:\/\/ninahaeussle.at\/kraftsymbol\/nina\/#breadcrumb\"},\"inLanguage\":\"de\",\"potentialAction\":[{\"@type\":\"ReadAction\",\"target\":[\"https:\/\/ninahaeussle.at\/kraftsymbol\/nina\/\"]}]},{\"@type\":\"ImageObject\",\"inLanguage\":\"de\",\"@id\":\"https:\/\/ninahaeussle.at\/kraftsymbol\/nina\/#primaryimage\",\"url\":\"https:\/\/ninahaeussle.at\/kraftsymbol\/wp-content\/uploads\/2022\/11\/grafikerin-nina-haeussle.jpg\",\"contentUrl\":\"https:\/\/ninahaeussle.at\/kraftsymbol\/wp-content\/uploads\/2022\/11\/grafikerin-nina-haeussle.jpg\",\"width\":816,\"height\":816},{\"@type\":\"BreadcrumbList\",\"@id\":\"https:\/\/ninahaeussle.at\/kraftsymbol\/nina\/#breadcrumb\",\"itemListElement\":[{\"@type\":\"ListItem\",\"position\":1,\"name\":\"Startseite\",\"item\":\"https:\/\/ninahaeussle.at\/kraftsymbol\/\"},{\"@type\":\"ListItem\",\"position\":2,\"name\":\"Nina\"}]},{\"@type\":\"WebSite\",\"@id\":\"https:\/\/ninahaeussle.at\/kraftsymbol\/#website\",\"url\":\"https:\/\/ninahaeussle.at\/kraftsymbol\/\",\"name\":\"Nina H\u00e4u\u00dfle Grafik | Dein Kraftsymbol\",\"description\":\"Dein Logo. Dein Kraftsymbol. Deine Mission.\",\"publisher\":{\"@id\":\"https:\/\/ninahaeussle.at\/kraftsymbol\/#organization\"},\"potentialAction\":[{\"@type\":\"SearchAction\",\"target\":{\"@type\":\"EntryPoint\",\"urlTemplate\":\"https:\/\/ninahaeussle.at\/kraftsymbol\/?s={search_term_string}\"},\"query-input\":{\"@type\":\"PropertyValueSpecification\",\"valueRequired\":true,\"valueName\":\"search_term_string\"}}],\"inLanguage\":\"de\"},{\"@type\":\"Organization\",\"@id\":\"https:\/\/ninahaeussle.at\/kraftsymbol\/#organization\",\"name\":\"Grafik in Ko-Kreation\",\"url\":\"https:\/\/ninahaeussle.at\/kraftsymbol\/\",\"logo\":{\"@type\":\"ImageObject\",\"inLanguage\":\"de\",\"@id\":\"https:\/\/ninahaeussle.at\/kraftsymbol\/#\/schema\/logo\/image\/\",\"url\":\"https:\/\/ninahaeussle.at\/kraftsymbol\/wp-content\/uploads\/2022\/05\/Logo-Grafik-in-Ko-Kreation-web.png\",\"contentUrl\":\"https:\/\/ninahaeussle.at\/kraftsymbol\/wp-content\/uploads\/2022\/05\/Logo-Grafik-in-Ko-Kreation-web.png\",\"width\":612,\"height\":294,\"caption\":\"Grafik in Ko-Kreation\"},\"image\":{\"@id\":\"https:\/\/ninahaeussle.at\/kraftsymbol\/#\/schema\/logo\/image\/\"}}]}<\/script>\n<!-- \/ Yoast SEO plugin. -->","yoast_head_json":{"title":"Nina - Nina H\u00e4u\u00dfle Grafik | Dein Kraftsymbol","robots":{"index":"noindex","follow":"follow","max-snippet":"max-snippet:-1","max-image-preview":"max-image-preview:large","max-video-preview":"max-video-preview:-1"},"og_locale":"de_DE","og_type":"article","og_title":"Nina - Nina H\u00e4u\u00dfle Grafik | Dein Kraftsymbol","og_description":"Nina H\u00e4u\u00dfle Ich gestalte als Grafikerin f\u00fcr unterschiedliche Firmen und Auftraggeber Grafik f\u00fcr deren Bedarf. Meine hohe Auffassungsgabe und Anpassungsf\u00e4higkeit erm\u00f6glicht es mir, sich mit neu zu entwickelnden Produkten wie zum Beispiel Imagebrosch\u00fcren und Werbeartikeln an das bestehende Erscheinungsbild anzupassen und das Sortiment dadurch zu erweitern. Das mache sie mit gro\u00dfer Gewissenhaftigkeit und Genauigkeit. Mediendesign-Studium [&hellip;]","og_url":"https:\/\/ninahaeussle.at\/kraftsymbol\/nina\/","og_site_name":"Nina H\u00e4u\u00dfle Grafik | Dein Kraftsymbol","article_modified_time":"2026-03-07T02:01:19+00:00","og_image":[{"width":816,"height":816,"url":"https:\/\/ninahaeussle.at\/kraftsymbol\/wp-content\/uploads\/2022\/11\/grafikerin-nina-haeussle.jpg","type":"image\/jpeg"}],"twitter_card":"summary_large_image","twitter_misc":{"Gesch\u00e4tzte Lesezeit":"1\u00a0Minute"},"schema":{"@context":"https:\/\/schema.org","@graph":[{"@type":"WebPage","@id":"https:\/\/ninahaeussle.at\/kraftsymbol\/nina\/","url":"https:\/\/ninahaeussle.at\/kraftsymbol\/nina\/","name":"Nina - Nina H\u00e4u\u00dfle Grafik | Dein Kraftsymbol","isPartOf":{"@id":"https:\/\/ninahaeussle.at\/kraftsymbol\/#website"},"primaryImageOfPage":{"@id":"https:\/\/ninahaeussle.at\/kraftsymbol\/nina\/#primaryimage"},"image":{"@id":"https:\/\/ninahaeussle.at\/kraftsymbol\/nina\/#primaryimage"},"thumbnailUrl":"https:\/\/ninahaeussle.at\/kraftsymbol\/wp-content\/uploads\/2022\/11\/grafikerin-nina-haeussle.jpg","datePublished":"2026-03-07T02:00:09+00:00","dateModified":"2026-03-07T02:01:19+00:00","breadcrumb":{"@id":"https:\/\/ninahaeussle.at\/kraftsymbol\/nina\/#breadcrumb"},"inLanguage":"de","potentialAction":[{"@type":"ReadAction","target":["https:\/\/ninahaeussle.at\/kraftsymbol\/nina\/"]}]},{"@type":"ImageObject","inLanguage":"de","@id":"https:\/\/ninahaeussle.at\/kraftsymbol\/nina\/#primaryimage","url":"https:\/\/ninahaeussle.at\/kraftsymbol\/wp-content\/uploads\/2022\/11\/grafikerin-nina-haeussle.jpg","contentUrl":"https:\/\/ninahaeussle.at\/kraftsymbol\/wp-content\/uploads\/2022\/11\/grafikerin-nina-haeussle.jpg","width":816,"height":816},{"@type":"BreadcrumbList","@id":"https:\/\/ninahaeussle.at\/kraftsymbol\/nina\/#breadcrumb","itemListElement":[{"@type":"ListItem","position":1,"name":"Startseite","item":"https:\/\/ninahaeussle.at\/kraftsymbol\/"},{"@type":"ListItem","position":2,"name":"Nina"}]},{"@type":"WebSite","@id":"https:\/\/ninahaeussle.at\/kraftsymbol\/#website","url":"https:\/\/ninahaeussle.at\/kraftsymbol\/","name":"Nina H\u00e4u\u00dfle Grafik | Dein Kraftsymbol","description":"Dein Logo. Dein Kraftsymbol. Deine Mission.","publisher":{"@id":"https:\/\/ninahaeussle.at\/kraftsymbol\/#organization"},"potentialAction":[{"@type":"SearchAction","target":{"@type":"EntryPoint","urlTemplate":"https:\/\/ninahaeussle.at\/kraftsymbol\/?s={search_term_string}"},"query-input":{"@type":"PropertyValueSpecification","valueRequired":true,"valueName":"search_term_string"}}],"inLanguage":"de"},{"@type":"Organization","@id":"https:\/\/ninahaeussle.at\/kraftsymbol\/#organization","name":"Grafik in Ko-Kreation","url":"https:\/\/ninahaeussle.at\/kraftsymbol\/","logo":{"@type":"ImageObject","inLanguage":"de","@id":"https:\/\/ninahaeussle.at\/kraftsymbol\/#\/schema\/logo\/image\/","url":"https:\/\/ninahaeussle.at\/kraftsymbol\/wp-content\/uploads\/2022\/05\/Logo-Grafik-in-Ko-Kreation-web.png","contentUrl":"https:\/\/ninahaeussle.at\/kraftsymbol\/wp-content\/uploads\/2022\/05\/Logo-Grafik-in-Ko-Kreation-web.png","width":612,"height":294,"caption":"Grafik in Ko-Kreation"},"image":{"@id":"https:\/\/ninahaeussle.at\/kraftsymbol\/#\/schema\/logo\/image\/"}}]}},"_links":{"self":[{"href":"https:\/\/ninahaeussle.at\/kraftsymbol\/wp-json\/wp\/v2\/pages\/5922","targetHints":{"allow":["GET"]}}],"collection":[{"href":"https:\/\/ninahaeussle.at\/kraftsymbol\/wp-json\/wp\/v2\/pages"}],"about":[{"href":"https:\/\/ninahaeussle.at\/kraftsymbol\/wp-json\/wp\/v2\/types\/page"}],"author":[{"embeddable":true,"href":"https:\/\/ninahaeussle.at\/kraftsymbol\/wp-json\/wp\/v2\/users\/1"}],"replies":[{"embeddable":true,"href":"https:\/\/ninahaeussle.at\/kraftsymbol\/wp-json\/wp\/v2\/comments?post=5922"}],"version-history":[{"count":7,"href":"https:\/\/ninahaeussle.at\/kraftsymbol\/wp-json\/wp\/v2\/pages\/5922\/revisions"}],"predecessor-version":[{"id":5929,"href":"https:\/\/ninahaeussle.at\/kraftsymbol\/wp-json\/wp\/v2\/pages\/5922\/revisions\/5929"}],"wp:attachment":[{"href":"https:\/\/ninahaeussle.at\/kraftsymbol\/wp-json\/wp\/v2\/media?parent=5922"}],"curies":[{"name":"wp","href":"https:\/\/api.w.org\/{rel}","templated":true}]}}