{"id":5867,"date":"2026-03-07T01:22:01","date_gmt":"2026-03-07T01:22:01","guid":{"rendered":"https:\/\/ninahaeussle.at\/stagingkraftsymbol\/?page_id=5867"},"modified":"2026-03-07T02:03:18","modified_gmt":"2026-03-07T02:03:18","slug":"sabine","status":"publish","type":"page","link":"https:\/\/ninahaeussle.at\/kraftsymbol\/sabine\/","title":{"rendered":"Sabine"},"content":{"rendered":"\t\t<div data-elementor-type=\"wp-page\" data-elementor-id=\"5867\" class=\"elementor elementor-5867\" data-elementor-post-type=\"page\">\n\t\t\t\t\t\t<section class=\"elementor-section elementor-top-section elementor-element elementor-element-6fb8923b elementor-section-boxed elementor-section-height-default elementor-section-height-default\" data-id=\"6fb8923b\" data-element_type=\"section\" data-e-type=\"section\" id=\"top\" data-settings=\"{&quot;background_background&quot;:&quot;classic&quot;}\">\n\t\t\t\t\t\t<div class=\"elementor-container elementor-column-gap-default\">\n\t\t\t\t\t<div class=\"elementor-column elementor-col-66 elementor-top-column elementor-element elementor-element-3884f267\" data-id=\"3884f267\" data-element_type=\"column\" data-e-type=\"column\">\n\t\t\t<div class=\"elementor-widget-wrap elementor-element-populated\">\n\t\t\t\t\t\t<div class=\"elementor-element elementor-element-1e1061ce elementor-widget elementor-widget-image\" data-id=\"1e1061ce\" data-element_type=\"widget\" data-e-type=\"widget\" data-widget_type=\"image.default\">\n\t\t\t\t<div class=\"elementor-widget-container\">\n\t\t\t\t\t\t\t\t\t\t\t\t\t\t\t<img fetchpriority=\"high\" decoding=\"async\" width=\"1301\" height=\"1181\" src=\"https:\/\/ninahaeussle.at\/kraftsymbol\/wp-content\/uploads\/2026\/03\/SabineKnoerle-gold-02.jpg\" class=\"attachment-full size-full wp-image-5870\" alt=\"Sabine Kn\u00f6rle, Medialer Coach f\u00fcr spirituelle Heilung auf Seelenebene\" srcset=\"https:\/\/ninahaeussle.at\/kraftsymbol\/wp-content\/uploads\/2026\/03\/SabineKnoerle-gold-02.jpg 1301w, https:\/\/ninahaeussle.at\/kraftsymbol\/wp-content\/uploads\/2026\/03\/SabineKnoerle-gold-02-300x272.jpg 300w, https:\/\/ninahaeussle.at\/kraftsymbol\/wp-content\/uploads\/2026\/03\/SabineKnoerle-gold-02-1024x930.jpg 1024w, https:\/\/ninahaeussle.at\/kraftsymbol\/wp-content\/uploads\/2026\/03\/SabineKnoerle-gold-02-768x697.jpg 768w\" sizes=\"(max-width: 1301px) 100vw, 1301px\" \/>\t\t\t\t\t\t\t\t\t\t\t\t\t\t\t<\/div>\n\t\t\t\t<\/div>\n\t\t\t\t\t<\/div>\n\t\t<\/div>\n\t\t\t\t<div class=\"elementor-column elementor-col-33 elementor-top-column elementor-element elementor-element-79ff9579\" data-id=\"79ff9579\" data-element_type=\"column\" data-e-type=\"column\">\n\t\t\t<div class=\"elementor-widget-wrap elementor-element-populated\">\n\t\t\t\t\t\t<div class=\"elementor-element elementor-element-b1baaea elementor-widget elementor-widget-heading\" data-id=\"b1baaea\" data-element_type=\"widget\" data-e-type=\"widget\" data-widget_type=\"heading.default\">\n\t\t\t\t<div class=\"elementor-widget-container\">\n\t\t\t\t\t<h2 class=\"elementor-heading-title elementor-size-default\">Sabine Kn\u00f6rle<\/h2>\t\t\t\t<\/div>\n\t\t\t\t<\/div>\n\t\t\t\t<div class=\"elementor-element elementor-element-3de65608 elementor-widget elementor-widget-heading\" data-id=\"3de65608\" data-element_type=\"widget\" data-e-type=\"widget\" data-widget_type=\"heading.default\">\n\t\t\t\t<div class=\"elementor-widget-container\">\n\t\t\t\t\t<h4 class=\"elementor-heading-title elementor-size-default\">Als medialer Coach f\u00fcr Heilung auf Seelenebene begleitet Sabine Frauen hin zu Klarheit \u00fcber ihre wahre Lebensaufgabe und den ersten konkreten Schritten, \num ihre einzigartigen Gaben in die Welt zu bringen.<br><br>S<b>ie f\u00fchrt mit dir das Erstgespr\u00e4ch und begleitet dich im Coaching-Programm.<\/b>\n<\/h4>\t\t\t\t<\/div>\n\t\t\t\t<\/div>\n\t\t\t\t<div class=\"elementor-element elementor-element-512a293 elementor-widget elementor-widget-text-editor\" data-id=\"512a293\" data-element_type=\"widget\" data-e-type=\"widget\" data-widget_type=\"text-editor.default\">\n\t\t\t\t<div class=\"elementor-widget-container\">\n\t\t\t\t\t\t\t\t\t<ul><li><b>Psychologische Beraterin<\/b><\/li><li><b>Systemische<\/b> <b>Therapeutin<\/b> DGSF zertifiziert<\/li><li><b>Fachdozentin f\u00fcr Kommunikation &amp; Sprache<\/b><\/li><li><b>25 Jahre Erfahrung in energetischer Heilarbeit<\/b><\/li><li><b>Mediale Begabung seit ihrer Kindheit<\/b><\/li><\/ul>\t\t\t\t\t\t\t\t<\/div>\n\t\t\t\t<\/div>\n\t\t\t\t<div class=\"elementor-element elementor-element-72e6cf0 elementor-align-left elementor-mobile-align-center elementor-widget__width-auto elementor-widget-mobile__width-inherit elementor-widget elementor-widget-button\" data-id=\"72e6cf0\" data-element_type=\"widget\" data-e-type=\"widget\" data-widget_type=\"button.default\">\n\t\t\t\t<div class=\"elementor-widget-container\">\n\t\t\t\t\t\t\t\t\t<div class=\"elementor-button-wrapper\">\n\t\t\t\t\t<a class=\"elementor-button elementor-button-link elementor-size-sm\" href=\"https:\/\/sabineknoerle.de\/ueber-uns\/\">\n\t\t\t\t\t\t<span class=\"elementor-button-content-wrapper\">\n\t\t\t\t\t\t\t\t\t<span class=\"elementor-button-text\">Erfahre mehr \u00fcber Sabine<\/span>\n\t\t\t\t\t<\/span>\n\t\t\t\t\t<\/a>\n\t\t\t\t<\/div>\n\t\t\t\t\t\t\t\t<\/div>\n\t\t\t\t<\/div>\n\t\t\t\t\t<\/div>\n\t\t<\/div>\n\t\t\t\t\t<\/div>\n\t\t<\/section>\n\t\t\t\t<section class=\"elementor-section elementor-top-section elementor-element elementor-element-1e488da7 elementor-section-boxed elementor-section-height-default elementor-section-height-default\" data-id=\"1e488da7\" data-element_type=\"section\" data-e-type=\"section\">\n\t\t\t\t\t\t<div class=\"elementor-container elementor-column-gap-default\">\n\t\t\t\t\t<div class=\"elementor-column elementor-col-100 elementor-top-column elementor-element elementor-element-719f466d\" data-id=\"719f466d\" data-element_type=\"column\" data-e-type=\"column\">\n\t\t\t<div class=\"elementor-widget-wrap elementor-element-populated\">\n\t\t\t\t\t\t<div class=\"elementor-element elementor-element-a0dbbfe elementor-align-center elementor-widget elementor-widget-button\" data-id=\"a0dbbfe\" data-element_type=\"widget\" data-e-type=\"widget\" data-widget_type=\"button.default\">\n\t\t\t\t<div class=\"elementor-widget-container\">\n\t\t\t\t\t\t\t\t\t<div class=\"elementor-button-wrapper\">\n\t\t\t\t\t<a class=\"elementor-button elementor-button-link elementor-size-sm\" href=\"https:\/\/sabineknoerle.de\/erstgespraech-buchen\/\">\n\t\t\t\t\t\t<span class=\"elementor-button-content-wrapper\">\n\t\t\t\t\t\t\t\t\t<span class=\"elementor-button-text\">Jetzt kostenfreies Erstgespr\u00e4ch vereinbaren<\/span>\n\t\t\t\t\t<\/span>\n\t\t\t\t\t<\/a>\n\t\t\t\t<\/div>\n\t\t\t\t\t\t\t\t<\/div>\n\t\t\t\t<\/div>\n\t\t\t\t\t<\/div>\n\t\t<\/div>\n\t\t\t\t\t<\/div>\n\t\t<\/section>\n\t\t\t\t<\/div>\n\t\t","protected":false},"excerpt":{"rendered":"<p>Sabine Kn\u00f6rle Als medialer Coach f\u00fcr Heilung auf Seelenebene begleitet Sabine Frauen hin zu Klarheit \u00fcber ihre wahre Lebensaufgabe und den ersten konkreten Schritten, um ihre einzigartigen Gaben in die Welt zu bringen. Sie f\u00fchrt mit dir das Erstgespr\u00e4ch und begleitet dich im Coaching-Programm. Psychologische Beraterin Systemische Therapeutin DGSF zertifiziert Fachdozentin f\u00fcr Kommunikation &amp; Sprache [&hellip;]<\/p>\n","protected":false},"author":1,"featured_media":0,"parent":0,"menu_order":0,"comment_status":"closed","ping_status":"closed","template":"elementor_header_footer","meta":{"footnotes":""},"class_list":["post-5867","page","type-page","status-publish","hentry"],"yoast_head":"<!-- This site is optimized with the Yoast SEO plugin v26.9 - https:\/\/yoast.com\/product\/yoast-seo-wordpress\/ -->\n<title>Sabine - Nina H\u00e4u\u00dfle Grafik | Dein Kraftsymbol<\/title>\n<meta name=\"robots\" content=\"noindex, follow, max-snippet:-1, max-image-preview:large, max-video-preview:-1\" \/>\n<meta property=\"og:locale\" content=\"de_DE\" \/>\n<meta property=\"og:type\" content=\"article\" \/>\n<meta property=\"og:title\" content=\"Sabine - Nina H\u00e4u\u00dfle Grafik | Dein Kraftsymbol\" \/>\n<meta property=\"og:description\" content=\"Sabine Kn\u00f6rle Als medialer Coach f\u00fcr Heilung auf Seelenebene begleitet Sabine Frauen hin zu Klarheit \u00fcber ihre wahre Lebensaufgabe und den ersten konkreten Schritten, um ihre einzigartigen Gaben in die Welt zu bringen. Sie f\u00fchrt mit dir das Erstgespr\u00e4ch und begleitet dich im Coaching-Programm. Psychologische Beraterin Systemische Therapeutin DGSF zertifiziert Fachdozentin f\u00fcr Kommunikation &amp; Sprache [&hellip;]\" \/>\n<meta property=\"og:url\" content=\"https:\/\/ninahaeussle.at\/kraftsymbol\/sabine\/\" \/>\n<meta property=\"og:site_name\" content=\"Nina H\u00e4u\u00dfle Grafik | Dein Kraftsymbol\" \/>\n<meta property=\"article:modified_time\" content=\"2026-03-07T02:03:18+00:00\" \/>\n<meta property=\"og:image\" content=\"https:\/\/ninahaeussle.at\/kraftsymbol\/wp-content\/uploads\/2026\/03\/SabineKnoerle-gold-02.jpg\" \/>\n\t<meta property=\"og:image:width\" content=\"1301\" \/>\n\t<meta property=\"og:image:height\" content=\"1181\" \/>\n\t<meta property=\"og:image:type\" content=\"image\/jpeg\" \/>\n<meta name=\"twitter:card\" content=\"summary_large_image\" \/>\n<meta name=\"twitter:label1\" content=\"Gesch\u00e4tzte Lesezeit\" \/>\n\t<meta name=\"twitter:data1\" content=\"1\u00a0Minute\" \/>\n<script type=\"application\/ld+json\" class=\"yoast-schema-graph\">{\"@context\":\"https:\/\/schema.org\",\"@graph\":[{\"@type\":\"WebPage\",\"@id\":\"https:\/\/ninahaeussle.at\/kraftsymbol\/sabine\/\",\"url\":\"https:\/\/ninahaeussle.at\/kraftsymbol\/sabine\/\",\"name\":\"Sabine - Nina H\u00e4u\u00dfle Grafik | Dein Kraftsymbol\",\"isPartOf\":{\"@id\":\"https:\/\/ninahaeussle.at\/kraftsymbol\/#website\"},\"primaryImageOfPage\":{\"@id\":\"https:\/\/ninahaeussle.at\/kraftsymbol\/sabine\/#primaryimage\"},\"image\":{\"@id\":\"https:\/\/ninahaeussle.at\/kraftsymbol\/sabine\/#primaryimage\"},\"thumbnailUrl\":\"https:\/\/ninahaeussle.at\/kraftsymbol\/wp-content\/uploads\/2026\/03\/SabineKnoerle-gold-02.jpg\",\"datePublished\":\"2026-03-07T01:22:01+00:00\",\"dateModified\":\"2026-03-07T02:03:18+00:00\",\"breadcrumb\":{\"@id\":\"https:\/\/ninahaeussle.at\/kraftsymbol\/sabine\/#breadcrumb\"},\"inLanguage\":\"de\",\"potentialAction\":[{\"@type\":\"ReadAction\",\"target\":[\"https:\/\/ninahaeussle.at\/kraftsymbol\/sabine\/\"]}]},{\"@type\":\"ImageObject\",\"inLanguage\":\"de\",\"@id\":\"https:\/\/ninahaeussle.at\/kraftsymbol\/sabine\/#primaryimage\",\"url\":\"https:\/\/ninahaeussle.at\/kraftsymbol\/wp-content\/uploads\/2026\/03\/SabineKnoerle-gold-02.jpg\",\"contentUrl\":\"https:\/\/ninahaeussle.at\/kraftsymbol\/wp-content\/uploads\/2026\/03\/SabineKnoerle-gold-02.jpg\",\"width\":1301,\"height\":1181,\"caption\":\"Sabine Kn\u00f6rle, Medialer Coach f\u00fcr spirituelle Heilung auf Seelenebene\"},{\"@type\":\"BreadcrumbList\",\"@id\":\"https:\/\/ninahaeussle.at\/kraftsymbol\/sabine\/#breadcrumb\",\"itemListElement\":[{\"@type\":\"ListItem\",\"position\":1,\"name\":\"Startseite\",\"item\":\"https:\/\/ninahaeussle.at\/kraftsymbol\/\"},{\"@type\":\"ListItem\",\"position\":2,\"name\":\"Sabine\"}]},{\"@type\":\"WebSite\",\"@id\":\"https:\/\/ninahaeussle.at\/kraftsymbol\/#website\",\"url\":\"https:\/\/ninahaeussle.at\/kraftsymbol\/\",\"name\":\"Nina H\u00e4u\u00dfle Grafik | Dein Kraftsymbol\",\"description\":\"Dein Logo. Dein Kraftsymbol. Deine Mission.\",\"publisher\":{\"@id\":\"https:\/\/ninahaeussle.at\/kraftsymbol\/#organization\"},\"potentialAction\":[{\"@type\":\"SearchAction\",\"target\":{\"@type\":\"EntryPoint\",\"urlTemplate\":\"https:\/\/ninahaeussle.at\/kraftsymbol\/?s={search_term_string}\"},\"query-input\":{\"@type\":\"PropertyValueSpecification\",\"valueRequired\":true,\"valueName\":\"search_term_string\"}}],\"inLanguage\":\"de\"},{\"@type\":\"Organization\",\"@id\":\"https:\/\/ninahaeussle.at\/kraftsymbol\/#organization\",\"name\":\"Grafik in Ko-Kreation\",\"url\":\"https:\/\/ninahaeussle.at\/kraftsymbol\/\",\"logo\":{\"@type\":\"ImageObject\",\"inLanguage\":\"de\",\"@id\":\"https:\/\/ninahaeussle.at\/kraftsymbol\/#\/schema\/logo\/image\/\",\"url\":\"https:\/\/ninahaeussle.at\/kraftsymbol\/wp-content\/uploads\/2022\/05\/Logo-Grafik-in-Ko-Kreation-web.png\",\"contentUrl\":\"https:\/\/ninahaeussle.at\/kraftsymbol\/wp-content\/uploads\/2022\/05\/Logo-Grafik-in-Ko-Kreation-web.png\",\"width\":612,\"height\":294,\"caption\":\"Grafik in Ko-Kreation\"},\"image\":{\"@id\":\"https:\/\/ninahaeussle.at\/kraftsymbol\/#\/schema\/logo\/image\/\"}}]}<\/script>\n<!-- \/ Yoast SEO plugin. -->","yoast_head_json":{"title":"Sabine - Nina H\u00e4u\u00dfle Grafik | Dein Kraftsymbol","robots":{"index":"noindex","follow":"follow","max-snippet":"max-snippet:-1","max-image-preview":"max-image-preview:large","max-video-preview":"max-video-preview:-1"},"og_locale":"de_DE","og_type":"article","og_title":"Sabine - Nina H\u00e4u\u00dfle Grafik | Dein Kraftsymbol","og_description":"Sabine Kn\u00f6rle Als medialer Coach f\u00fcr Heilung auf Seelenebene begleitet Sabine Frauen hin zu Klarheit \u00fcber ihre wahre Lebensaufgabe und den ersten konkreten Schritten, um ihre einzigartigen Gaben in die Welt zu bringen. Sie f\u00fchrt mit dir das Erstgespr\u00e4ch und begleitet dich im Coaching-Programm. Psychologische Beraterin Systemische Therapeutin DGSF zertifiziert Fachdozentin f\u00fcr Kommunikation &amp; Sprache [&hellip;]","og_url":"https:\/\/ninahaeussle.at\/kraftsymbol\/sabine\/","og_site_name":"Nina H\u00e4u\u00dfle Grafik | Dein Kraftsymbol","article_modified_time":"2026-03-07T02:03:18+00:00","og_image":[{"width":1301,"height":1181,"url":"https:\/\/ninahaeussle.at\/kraftsymbol\/wp-content\/uploads\/2026\/03\/SabineKnoerle-gold-02.jpg","type":"image\/jpeg"}],"twitter_card":"summary_large_image","twitter_misc":{"Gesch\u00e4tzte Lesezeit":"1\u00a0Minute"},"schema":{"@context":"https:\/\/schema.org","@graph":[{"@type":"WebPage","@id":"https:\/\/ninahaeussle.at\/kraftsymbol\/sabine\/","url":"https:\/\/ninahaeussle.at\/kraftsymbol\/sabine\/","name":"Sabine - Nina H\u00e4u\u00dfle Grafik | Dein Kraftsymbol","isPartOf":{"@id":"https:\/\/ninahaeussle.at\/kraftsymbol\/#website"},"primaryImageOfPage":{"@id":"https:\/\/ninahaeussle.at\/kraftsymbol\/sabine\/#primaryimage"},"image":{"@id":"https:\/\/ninahaeussle.at\/kraftsymbol\/sabine\/#primaryimage"},"thumbnailUrl":"https:\/\/ninahaeussle.at\/kraftsymbol\/wp-content\/uploads\/2026\/03\/SabineKnoerle-gold-02.jpg","datePublished":"2026-03-07T01:22:01+00:00","dateModified":"2026-03-07T02:03:18+00:00","breadcrumb":{"@id":"https:\/\/ninahaeussle.at\/kraftsymbol\/sabine\/#breadcrumb"},"inLanguage":"de","potentialAction":[{"@type":"ReadAction","target":["https:\/\/ninahaeussle.at\/kraftsymbol\/sabine\/"]}]},{"@type":"ImageObject","inLanguage":"de","@id":"https:\/\/ninahaeussle.at\/kraftsymbol\/sabine\/#primaryimage","url":"https:\/\/ninahaeussle.at\/kraftsymbol\/wp-content\/uploads\/2026\/03\/SabineKnoerle-gold-02.jpg","contentUrl":"https:\/\/ninahaeussle.at\/kraftsymbol\/wp-content\/uploads\/2026\/03\/SabineKnoerle-gold-02.jpg","width":1301,"height":1181,"caption":"Sabine Kn\u00f6rle, Medialer Coach f\u00fcr spirituelle Heilung auf Seelenebene"},{"@type":"BreadcrumbList","@id":"https:\/\/ninahaeussle.at\/kraftsymbol\/sabine\/#breadcrumb","itemListElement":[{"@type":"ListItem","position":1,"name":"Startseite","item":"https:\/\/ninahaeussle.at\/kraftsymbol\/"},{"@type":"ListItem","position":2,"name":"Sabine"}]},{"@type":"WebSite","@id":"https:\/\/ninahaeussle.at\/kraftsymbol\/#website","url":"https:\/\/ninahaeussle.at\/kraftsymbol\/","name":"Nina H\u00e4u\u00dfle Grafik | Dein Kraftsymbol","description":"Dein Logo. Dein Kraftsymbol. Deine Mission.","publisher":{"@id":"https:\/\/ninahaeussle.at\/kraftsymbol\/#organization"},"potentialAction":[{"@type":"SearchAction","target":{"@type":"EntryPoint","urlTemplate":"https:\/\/ninahaeussle.at\/kraftsymbol\/?s={search_term_string}"},"query-input":{"@type":"PropertyValueSpecification","valueRequired":true,"valueName":"search_term_string"}}],"inLanguage":"de"},{"@type":"Organization","@id":"https:\/\/ninahaeussle.at\/kraftsymbol\/#organization","name":"Grafik in Ko-Kreation","url":"https:\/\/ninahaeussle.at\/kraftsymbol\/","logo":{"@type":"ImageObject","inLanguage":"de","@id":"https:\/\/ninahaeussle.at\/kraftsymbol\/#\/schema\/logo\/image\/","url":"https:\/\/ninahaeussle.at\/kraftsymbol\/wp-content\/uploads\/2022\/05\/Logo-Grafik-in-Ko-Kreation-web.png","contentUrl":"https:\/\/ninahaeussle.at\/kraftsymbol\/wp-content\/uploads\/2022\/05\/Logo-Grafik-in-Ko-Kreation-web.png","width":612,"height":294,"caption":"Grafik in Ko-Kreation"},"image":{"@id":"https:\/\/ninahaeussle.at\/kraftsymbol\/#\/schema\/logo\/image\/"}}]}},"_links":{"self":[{"href":"https:\/\/ninahaeussle.at\/kraftsymbol\/wp-json\/wp\/v2\/pages\/5867","targetHints":{"allow":["GET"]}}],"collection":[{"href":"https:\/\/ninahaeussle.at\/kraftsymbol\/wp-json\/wp\/v2\/pages"}],"about":[{"href":"https:\/\/ninahaeussle.at\/kraftsymbol\/wp-json\/wp\/v2\/types\/page"}],"author":[{"embeddable":true,"href":"https:\/\/ninahaeussle.at\/kraftsymbol\/wp-json\/wp\/v2\/users\/1"}],"replies":[{"embeddable":true,"href":"https:\/\/ninahaeussle.at\/kraftsymbol\/wp-json\/wp\/v2\/comments?post=5867"}],"version-history":[{"count":16,"href":"https:\/\/ninahaeussle.at\/kraftsymbol\/wp-json\/wp\/v2\/pages\/5867\/revisions"}],"predecessor-version":[{"id":5932,"href":"https:\/\/ninahaeussle.at\/kraftsymbol\/wp-json\/wp\/v2\/pages\/5867\/revisions\/5932"}],"wp:attachment":[{"href":"https:\/\/ninahaeussle.at\/kraftsymbol\/wp-json\/wp\/v2\/media?parent=5867"}],"curies":[{"name":"wp","href":"https:\/\/api.w.org\/{rel}","templated":true}]}}