{"id":5780,"date":"2025-12-29T21:52:40","date_gmt":"2025-12-29T21:52:40","guid":{"rendered":"https:\/\/grafikinkokreation.at\/?page_id=5780"},"modified":"2025-12-30T05:28:35","modified_gmt":"2025-12-30T05:28:35","slug":"judith-fulterer","status":"publish","type":"page","link":"https:\/\/ninahaeussle.at\/kraftsymbol\/judith-fulterer\/","title":{"rendered":"Judith Fulterer"},"content":{"rendered":"\t\t<div data-elementor-type=\"wp-page\" data-elementor-id=\"5780\" class=\"elementor elementor-5780\" data-elementor-post-type=\"page\">\n\t\t\t\t\t\t<section class=\"elementor-section elementor-top-section elementor-element elementor-element-b783bd5 elementor-section-boxed elementor-section-height-default elementor-section-height-default\" data-id=\"b783bd5\" data-element_type=\"section\" data-e-type=\"section\" id=\"top\" data-settings=\"{&quot;background_background&quot;:&quot;classic&quot;}\">\n\t\t\t\t\t\t<div class=\"elementor-container elementor-column-gap-default\">\n\t\t\t\t\t<div class=\"elementor-column elementor-col-66 elementor-top-column elementor-element elementor-element-1b626515\" data-id=\"1b626515\" data-element_type=\"column\" data-e-type=\"column\">\n\t\t\t<div class=\"elementor-widget-wrap elementor-element-populated\">\n\t\t\t\t\t\t<div class=\"elementor-element elementor-element-438c6946 elementor-widget elementor-widget-spacer\" data-id=\"438c6946\" data-element_type=\"widget\" data-e-type=\"widget\" data-widget_type=\"spacer.default\">\n\t\t\t\t<div class=\"elementor-widget-container\">\n\t\t\t\t\t\t\t<div class=\"elementor-spacer\">\n\t\t\t<div class=\"elementor-spacer-inner\"><\/div>\n\t\t<\/div>\n\t\t\t\t\t\t<\/div>\n\t\t\t\t<\/div>\n\t\t\t\t<div class=\"elementor-element elementor-element-67c312aa e-transform elementor-widget elementor-widget-heading\" data-id=\"67c312aa\" data-element_type=\"widget\" data-e-type=\"widget\" data-settings=\"{&quot;_transform_rotateZ_effect&quot;:{&quot;unit&quot;:&quot;px&quot;,&quot;size&quot;:-5,&quot;sizes&quot;:[]},&quot;_transform_rotateZ_effect_laptop&quot;:{&quot;unit&quot;:&quot;deg&quot;,&quot;size&quot;:&quot;&quot;,&quot;sizes&quot;:[]},&quot;_transform_rotateZ_effect_tablet&quot;:{&quot;unit&quot;:&quot;deg&quot;,&quot;size&quot;:&quot;&quot;,&quot;sizes&quot;:[]},&quot;_transform_rotateZ_effect_mobile&quot;:{&quot;unit&quot;:&quot;deg&quot;,&quot;size&quot;:&quot;&quot;,&quot;sizes&quot;:[]}}\" data-widget_type=\"heading.default\">\n\t\t\t\t<div class=\"elementor-widget-container\">\n\t\t\t\t\t<h1 class=\"elementor-heading-title elementor-size-default\">Judith Fulterer<\/h1>\t\t\t\t<\/div>\n\t\t\t\t<\/div>\n\t\t\t\t\t<\/div>\n\t\t<\/div>\n\t\t\t\t<div class=\"elementor-column elementor-col-33 elementor-top-column elementor-element elementor-element-2e1c45fc elementor-hidden-tablet elementor-hidden-mobile\" data-id=\"2e1c45fc\" data-element_type=\"column\" data-e-type=\"column\">\n\t\t\t<div class=\"elementor-widget-wrap elementor-element-populated\">\n\t\t\t\t\t\t<div class=\"elementor-element elementor-element-6b9a8fd3 elementor-widget elementor-widget-heading\" data-id=\"6b9a8fd3\" data-element_type=\"widget\" data-e-type=\"widget\" data-widget_type=\"heading.default\">\n\t\t\t\t<div class=\"elementor-widget-container\">\n\t\t\t\t\t<h4 class=\"elementor-heading-title elementor-size-default\">Erscheinungsbild: <br>Logo &amp; Visitenkarte<\/h4>\t\t\t\t<\/div>\n\t\t\t\t<\/div>\n\t\t\t\t<div class=\"elementor-element elementor-element-67ce3be elementor-widget elementor-widget-text-editor\" data-id=\"67ce3be\" data-element_type=\"widget\" data-e-type=\"widget\" data-widget_type=\"text-editor.default\">\n\t\t\t\t<div class=\"elementor-widget-container\">\n\t\t\t\t\t\t\t\t\t<span class=\"fett\">Kunde:<\/span> Judith Fulterer, Seelenbegleiterin\n<span class=\"fett\">Methode: <\/span>Lichtkind-Begleitung f\u00fcr M\u00fctter und ihre Kinder.\t\t\t\t\t\t\t\t<\/div>\n\t\t\t\t<\/div>\n\t\t\t\t\t<\/div>\n\t\t<\/div>\n\t\t\t\t\t<\/div>\n\t\t<\/section>\n\t\t\t\t<section class=\"elementor-section elementor-top-section elementor-element elementor-element-7c70c78e elementor-hidden-desktop elementor-hidden-laptop elementor-section-boxed elementor-section-height-default elementor-section-height-default\" data-id=\"7c70c78e\" data-element_type=\"section\" data-e-type=\"section\">\n\t\t\t\t\t\t<div class=\"elementor-container elementor-column-gap-default\">\n\t\t\t\t\t<div class=\"elementor-column elementor-col-100 elementor-top-column elementor-element elementor-element-2d8669a8 elementor-hidden-desktop elementor-hidden-laptop\" data-id=\"2d8669a8\" data-element_type=\"column\" data-e-type=\"column\">\n\t\t\t<div class=\"elementor-widget-wrap elementor-element-populated\">\n\t\t\t\t\t\t<div class=\"elementor-element elementor-element-69722f01 elementor-widget elementor-widget-heading\" data-id=\"69722f01\" data-element_type=\"widget\" data-e-type=\"widget\" data-widget_type=\"heading.default\">\n\t\t\t\t<div class=\"elementor-widget-container\">\n\t\t\t\t\t<h4 class=\"elementor-heading-title elementor-size-default\">Erscheinungsbild: <br>Logo &amp; Visitenkarte<\/h4>\t\t\t\t<\/div>\n\t\t\t\t<\/div>\n\t\t\t\t<div class=\"elementor-element elementor-element-72c94f09 elementor-widget elementor-widget-text-editor\" data-id=\"72c94f09\" data-element_type=\"widget\" data-e-type=\"widget\" data-widget_type=\"text-editor.default\">\n\t\t\t\t<div class=\"elementor-widget-container\">\n\t\t\t\t\t\t\t\t\t<p><span class=\"fett\">Kunde:<\/span> Judith Fulterer, Seelenbegleiterin<br \/><span class=\"fett\">Methode: <\/span>Lichtkind-Begleitung f\u00fcr M\u00fctter und ihre Kinder.<\/p>\t\t\t\t\t\t\t\t<\/div>\n\t\t\t\t<\/div>\n\t\t\t\t\t<\/div>\n\t\t<\/div>\n\t\t\t\t\t<\/div>\n\t\t<\/section>\n\t\t\t\t<section class=\"elementor-section elementor-top-section elementor-element elementor-element-66983459 elementor-section-stretched elementor-section-full_width elementor-section-height-default elementor-section-height-default\" data-id=\"66983459\" data-element_type=\"section\" data-e-type=\"section\" data-settings=\"{&quot;stretch_section&quot;:&quot;section-stretched&quot;}\">\n\t\t\t\t\t\t<div class=\"elementor-container elementor-column-gap-default\">\n\t\t\t\t\t<div class=\"elementor-column elementor-col-66 elementor-top-column elementor-element elementor-element-15a40aae\" data-id=\"15a40aae\" data-element_type=\"column\" data-e-type=\"column\">\n\t\t\t<div class=\"elementor-widget-wrap elementor-element-populated\">\n\t\t\t\t\t\t<div class=\"elementor-element elementor-element-64efa5b6 elementor-widget elementor-widget-image\" data-id=\"64efa5b6\" data-element_type=\"widget\" data-e-type=\"widget\" data-widget_type=\"image.default\">\n\t\t\t\t<div class=\"elementor-widget-container\">\n\t\t\t\t\t\t\t\t\t\t\t\t\t\t\t<img fetchpriority=\"high\" decoding=\"async\" width=\"2000\" height=\"1333\" src=\"https:\/\/ninahaeussle.at\/kraftsymbol\/wp-content\/uploads\/2025\/12\/Visitenkarte-Judith-Fulterer-04b.jpg\" class=\"attachment-full size-full wp-image-5732\" alt=\"Visitenkarte Judith Fulterer\" srcset=\"https:\/\/ninahaeussle.at\/kraftsymbol\/wp-content\/uploads\/2025\/12\/Visitenkarte-Judith-Fulterer-04b.jpg 2000w, https:\/\/ninahaeussle.at\/kraftsymbol\/wp-content\/uploads\/2025\/12\/Visitenkarte-Judith-Fulterer-04b-300x200.jpg 300w, https:\/\/ninahaeussle.at\/kraftsymbol\/wp-content\/uploads\/2025\/12\/Visitenkarte-Judith-Fulterer-04b-1024x682.jpg 1024w, https:\/\/ninahaeussle.at\/kraftsymbol\/wp-content\/uploads\/2025\/12\/Visitenkarte-Judith-Fulterer-04b-768x512.jpg 768w, https:\/\/ninahaeussle.at\/kraftsymbol\/wp-content\/uploads\/2025\/12\/Visitenkarte-Judith-Fulterer-04b-1536x1024.jpg 1536w\" sizes=\"(max-width: 2000px) 100vw, 2000px\" \/>\t\t\t\t\t\t\t\t\t\t\t\t\t\t\t<\/div>\n\t\t\t\t<\/div>\n\t\t\t\t\t<\/div>\n\t\t<\/div>\n\t\t\t\t<div class=\"elementor-column elementor-col-33 elementor-top-column elementor-element elementor-element-37315148\" data-id=\"37315148\" data-element_type=\"column\" data-e-type=\"column\">\n\t\t\t<div class=\"elementor-widget-wrap elementor-element-populated\">\n\t\t\t\t\t\t<div class=\"elementor-element elementor-element-b83fbc0 elementor-widget elementor-widget-image\" data-id=\"b83fbc0\" data-element_type=\"widget\" data-e-type=\"widget\" data-widget_type=\"image.default\">\n\t\t\t\t<div class=\"elementor-widget-container\">\n\t\t\t\t\t\t\t\t\t\t\t\t\t\t\t<img decoding=\"async\" width=\"800\" height=\"800\" src=\"https:\/\/ninahaeussle.at\/kraftsymbol\/wp-content\/uploads\/2025\/12\/Symbol-Judith-4-1024x1024.jpg\" class=\"attachment-large size-large wp-image-5786\" alt=\"\" srcset=\"https:\/\/ninahaeussle.at\/kraftsymbol\/wp-content\/uploads\/2025\/12\/Symbol-Judith-4-1024x1024.jpg 1024w, https:\/\/ninahaeussle.at\/kraftsymbol\/wp-content\/uploads\/2025\/12\/Symbol-Judith-4-300x300.jpg 300w, https:\/\/ninahaeussle.at\/kraftsymbol\/wp-content\/uploads\/2025\/12\/Symbol-Judith-4-150x150.jpg 150w, https:\/\/ninahaeussle.at\/kraftsymbol\/wp-content\/uploads\/2025\/12\/Symbol-Judith-4-768x768.jpg 768w, https:\/\/ninahaeussle.at\/kraftsymbol\/wp-content\/uploads\/2025\/12\/Symbol-Judith-4-1536x1536.jpg 1536w, https:\/\/ninahaeussle.at\/kraftsymbol\/wp-content\/uploads\/2025\/12\/Symbol-Judith-4-2048x2048.jpg 2048w\" sizes=\"(max-width: 800px) 100vw, 800px\" \/>\t\t\t\t\t\t\t\t\t\t\t\t\t\t\t<\/div>\n\t\t\t\t<\/div>\n\t\t\t\t\t<\/div>\n\t\t<\/div>\n\t\t\t\t\t<\/div>\n\t\t<\/section>\n\t\t\t\t<section class=\"elementor-section elementor-top-section elementor-element elementor-element-21a67052 elementor-section-full_width elementor-section-stretched elementor-section-height-default elementor-section-height-default\" data-id=\"21a67052\" data-element_type=\"section\" data-e-type=\"section\" data-settings=\"{&quot;stretch_section&quot;:&quot;section-stretched&quot;}\">\n\t\t\t\t\t\t<div class=\"elementor-container elementor-column-gap-default\">\n\t\t\t\t\t<div class=\"elementor-column elementor-col-33 elementor-top-column elementor-element elementor-element-576562b5 elementor-hidden-tablet elementor-hidden-mobile\" data-id=\"576562b5\" data-element_type=\"column\" data-e-type=\"column\">\n\t\t\t<div class=\"elementor-widget-wrap\">\n\t\t\t\t\t\t\t<\/div>\n\t\t<\/div>\n\t\t\t\t<div class=\"elementor-column elementor-col-33 elementor-top-column elementor-element elementor-element-7dafaf9\" data-id=\"7dafaf9\" data-element_type=\"column\" data-e-type=\"column\" data-settings=\"{&quot;background_background&quot;:&quot;classic&quot;}\">\n\t\t\t<div class=\"elementor-widget-wrap elementor-element-populated\">\n\t\t\t\t\t\t<div class=\"elementor-element elementor-element-209e00d elementor-view-default elementor-widget elementor-widget-icon\" data-id=\"209e00d\" data-element_type=\"widget\" data-e-type=\"widget\" data-widget_type=\"icon.default\">\n\t\t\t\t<div class=\"elementor-widget-container\">\n\t\t\t\t\t\t\t<div class=\"elementor-icon-wrapper\">\n\t\t\t<div class=\"elementor-icon\">\n\t\t\t<svg xmlns=\"http:\/\/www.w3.org\/2000\/svg\" id=\"Ebene_1\" viewBox=\"0 0 196.68 129.36\"><defs><style>.cls-1{isolation:isolate;}.cls-2{fill:#f21b71;}.cls-3{opacity:.38;}<\/style><\/defs><g class=\"cls-3\"><g class=\"cls-1\"><path class=\"cls-2\" d=\"M52.36,129.36H0c30.8-34.76,42.24-62.92,42.24-88.44,0-11.88-2.64-25.96-9.24-40.92h60.28c3.08,7.04,6.6,20.24,6.6,30.36,0,35.64-14.96,71.28-47.52,99ZM149.16,129.36h-52.36c30.8-34.76,42.24-62.92,42.24-88.44,0-11.88-2.64-25.96-9.24-40.92h60.28c3.08,7.04,6.6,20.24,6.6,30.36,0,35.64-14.96,71.28-47.52,99Z\"><\/path><\/g><\/g><\/svg>\t\t\t<\/div>\n\t\t<\/div>\n\t\t\t\t\t\t<\/div>\n\t\t\t\t<\/div>\n\t\t\t\t<div class=\"elementor-element elementor-element-2d3a88e elementor-widget elementor-widget-text-editor\" data-id=\"2d3a88e\" data-element_type=\"widget\" data-e-type=\"widget\" data-widget_type=\"text-editor.default\">\n\t\t\t\t<div class=\"elementor-widget-container\">\n\t\t\t\t\t\t\t\t\t<p>Mein Logo spiegelt tats\u00e4chlich meine Seelenessenz wider. Als ich das Ergebnis erhalten habe, kamen immer wieder Lichtblitze vergangener Zeiten hoch. Denn <span class=\"fett-testimonial\">das Logo spiegelte ein Symbol wider, das ich meinen Kindern vor \u00fcber 20 Jahren oft auf die Stirn gezeichnet habe.<\/span><\/p><p>Jedes Mal, wenn ich meine Seelenessenz anschaue, <span class=\"fett-testimonial\">geht mein Herz auf<\/span>. Und daf\u00fcr danke ich sowohl Sabine als auch Nina von ganzem Herzen!<\/p>\t\t\t\t\t\t\t\t<\/div>\n\t\t\t\t<\/div>\n\t\t\t\t<div class=\"elementor-element elementor-element-a308db5 elementor-widget elementor-widget-text-editor\" data-id=\"a308db5\" data-element_type=\"widget\" data-e-type=\"widget\" data-widget_type=\"text-editor.default\">\n\t\t\t\t<div class=\"elementor-widget-container\">\n\t\t\t\t\t\t\t\t\t<p>Judith Fulterer<br \/>Seelenbegleiterin, Lichtkind-Begleitung f\u00fcr M\u00fctter und Kinder<\/p>\t\t\t\t\t\t\t\t<\/div>\n\t\t\t\t<\/div>\n\t\t\t\t\t<\/div>\n\t\t<\/div>\n\t\t\t\t<div class=\"elementor-column elementor-col-33 elementor-top-column elementor-element elementor-element-1c2b89b6 elementor-hidden-tablet elementor-hidden-mobile\" data-id=\"1c2b89b6\" data-element_type=\"column\" data-e-type=\"column\">\n\t\t\t<div class=\"elementor-widget-wrap\">\n\t\t\t\t\t\t\t<\/div>\n\t\t<\/div>\n\t\t\t\t\t<\/div>\n\t\t<\/section>\n\t\t\t\t<section class=\"elementor-section elementor-top-section elementor-element elementor-element-57205129 elementor-section-boxed elementor-section-height-default elementor-section-height-default\" data-id=\"57205129\" data-element_type=\"section\" data-e-type=\"section\">\n\t\t\t\t\t\t<div class=\"elementor-container elementor-column-gap-default\">\n\t\t\t\t\t<div class=\"elementor-column elementor-col-100 elementor-top-column elementor-element elementor-element-2684b695\" data-id=\"2684b695\" data-element_type=\"column\" data-e-type=\"column\">\n\t\t\t<div class=\"elementor-widget-wrap elementor-element-populated\">\n\t\t\t\t\t\t<div class=\"elementor-element elementor-element-78fb0c12 elementor-align-left elementor-mobile-align-center elementor-widget__width-auto elementor-widget-mobile__width-inherit elementor-widget elementor-widget-global elementor-global-3273 elementor-widget-button\" data-id=\"78fb0c12\" data-element_type=\"widget\" data-e-type=\"widget\" data-widget_type=\"button.default\">\n\t\t\t\t<div class=\"elementor-widget-container\">\n\t\t\t\t\t\t\t\t\t<div class=\"elementor-button-wrapper\">\n\t\t\t\t\t<a class=\"elementor-button elementor-button-link elementor-size-sm\" href=\"https:\/\/ninahaeussle.at\/kraftsymbol\/#aktuelle-projekte\">\n\t\t\t\t\t\t<span class=\"elementor-button-content-wrapper\">\n\t\t\t\t\t\t\t\t\t<span class=\"elementor-button-text\">zur\u00fcck zur \u00dcbersicht<\/span>\n\t\t\t\t\t<\/span>\n\t\t\t\t\t<\/a>\n\t\t\t\t<\/div>\n\t\t\t\t\t\t\t\t<\/div>\n\t\t\t\t<\/div>\n\t\t\t\t<div class=\"elementor-element elementor-element-6ba81e86 elementor-align-right elementor-mobile-align-center elementor-widget__width-auto elementor-widget-mobile__width-inherit elementor-widget elementor-widget-global elementor-global-3276 elementor-widget-button\" data-id=\"6ba81e86\" data-element_type=\"widget\" data-e-type=\"widget\" data-widget_type=\"button.default\">\n\t\t\t\t<div class=\"elementor-widget-container\">\n\t\t\t\t\t\t\t\t\t<div class=\"elementor-button-wrapper\">\n\t\t\t\t\t<a class=\"elementor-button elementor-button-link elementor-size-sm\" href=\"https:\/\/ninahaeussle.at\/kraftsymbol\/#kontakt\">\n\t\t\t\t\t\t<span class=\"elementor-button-content-wrapper\">\n\t\t\t\t\t\t\t\t\t<span class=\"elementor-button-text\">Kontakt aufnehmen<\/span>\n\t\t\t\t\t<\/span>\n\t\t\t\t\t<\/a>\n\t\t\t\t<\/div>\n\t\t\t\t\t\t\t\t<\/div>\n\t\t\t\t<\/div>\n\t\t\t\t\t<\/div>\n\t\t<\/div>\n\t\t\t\t\t<\/div>\n\t\t<\/section>\n\t\t\t\t<\/div>\n\t\t","protected":false},"excerpt":{"rendered":"<p>Judith Fulterer Erscheinungsbild: Logo &amp; Visitenkarte Kunde: Judith Fulterer, Seelenbegleiterin Methode: Lichtkind-Begleitung f\u00fcr M\u00fctter und ihre Kinder. Erscheinungsbild: Logo &amp; Visitenkarte Kunde: Judith Fulterer, SeelenbegleiterinMethode: Lichtkind-Begleitung f\u00fcr M\u00fctter und ihre Kinder. Mein Logo spiegelt tats\u00e4chlich meine Seelenessenz wider. Als ich das Ergebnis erhalten habe, kamen immer wieder Lichtblitze vergangener Zeiten hoch. Denn das Logo spiegelte [&hellip;]<\/p>\n","protected":false},"author":1,"featured_media":0,"parent":0,"menu_order":0,"comment_status":"closed","ping_status":"closed","template":"elementor_header_footer","meta":{"footnotes":""},"class_list":["post-5780","page","type-page","status-publish","hentry"],"yoast_head":"<!-- This site is optimized with the Yoast SEO plugin v26.9 - https:\/\/yoast.com\/product\/yoast-seo-wordpress\/ -->\n<title>Judith Fulterer - Nina H\u00e4u\u00dfle Grafik | Dein Kraftsymbol<\/title>\n<meta name=\"robots\" content=\"noindex, follow, max-snippet:-1, max-image-preview:large, max-video-preview:-1\" \/>\n<meta property=\"og:locale\" content=\"de_DE\" \/>\n<meta property=\"og:type\" content=\"article\" \/>\n<meta property=\"og:title\" content=\"Judith Fulterer - Nina H\u00e4u\u00dfle Grafik | Dein Kraftsymbol\" \/>\n<meta property=\"og:description\" content=\"Judith Fulterer Erscheinungsbild: Logo &amp; Visitenkarte Kunde: Judith Fulterer, Seelenbegleiterin Methode: Lichtkind-Begleitung f\u00fcr M\u00fctter und ihre Kinder. Erscheinungsbild: Logo &amp; Visitenkarte Kunde: Judith Fulterer, SeelenbegleiterinMethode: Lichtkind-Begleitung f\u00fcr M\u00fctter und ihre Kinder. Mein Logo spiegelt tats\u00e4chlich meine Seelenessenz wider. Als ich das Ergebnis erhalten habe, kamen immer wieder Lichtblitze vergangener Zeiten hoch. Denn das Logo spiegelte [&hellip;]\" \/>\n<meta property=\"og:url\" content=\"https:\/\/ninahaeussle.at\/kraftsymbol\/judith-fulterer\/\" \/>\n<meta property=\"og:site_name\" content=\"Nina H\u00e4u\u00dfle Grafik | Dein Kraftsymbol\" \/>\n<meta property=\"article:modified_time\" content=\"2025-12-30T05:28:35+00:00\" \/>\n<meta property=\"og:image\" content=\"https:\/\/ninahaeussle.at\/kraftsymbol\/wp-content\/uploads\/2025\/12\/Visitenkarte-Judith-Fulterer-04b.jpg\" \/>\n\t<meta property=\"og:image:width\" content=\"2000\" \/>\n\t<meta property=\"og:image:height\" content=\"1333\" \/>\n\t<meta property=\"og:image:type\" content=\"image\/jpeg\" \/>\n<meta name=\"twitter:card\" content=\"summary_large_image\" \/>\n<meta name=\"twitter:label1\" content=\"Gesch\u00e4tzte Lesezeit\" \/>\n\t<meta name=\"twitter:data1\" content=\"1\u00a0Minute\" \/>\n<script type=\"application\/ld+json\" class=\"yoast-schema-graph\">{\"@context\":\"https:\/\/schema.org\",\"@graph\":[{\"@type\":\"WebPage\",\"@id\":\"https:\/\/ninahaeussle.at\/kraftsymbol\/judith-fulterer\/\",\"url\":\"https:\/\/ninahaeussle.at\/kraftsymbol\/judith-fulterer\/\",\"name\":\"Judith Fulterer - Nina H\u00e4u\u00dfle Grafik | Dein Kraftsymbol\",\"isPartOf\":{\"@id\":\"https:\/\/ninahaeussle.at\/kraftsymbol\/#website\"},\"primaryImageOfPage\":{\"@id\":\"https:\/\/ninahaeussle.at\/kraftsymbol\/judith-fulterer\/#primaryimage\"},\"image\":{\"@id\":\"https:\/\/ninahaeussle.at\/kraftsymbol\/judith-fulterer\/#primaryimage\"},\"thumbnailUrl\":\"https:\/\/ninahaeussle.at\/kraftsymbol\/wp-content\/uploads\/2025\/12\/Visitenkarte-Judith-Fulterer-04b.jpg\",\"datePublished\":\"2025-12-29T21:52:40+00:00\",\"dateModified\":\"2025-12-30T05:28:35+00:00\",\"breadcrumb\":{\"@id\":\"https:\/\/ninahaeussle.at\/kraftsymbol\/judith-fulterer\/#breadcrumb\"},\"inLanguage\":\"de\",\"potentialAction\":[{\"@type\":\"ReadAction\",\"target\":[\"https:\/\/ninahaeussle.at\/kraftsymbol\/judith-fulterer\/\"]}]},{\"@type\":\"ImageObject\",\"inLanguage\":\"de\",\"@id\":\"https:\/\/ninahaeussle.at\/kraftsymbol\/judith-fulterer\/#primaryimage\",\"url\":\"https:\/\/ninahaeussle.at\/kraftsymbol\/wp-content\/uploads\/2025\/12\/Visitenkarte-Judith-Fulterer-04b.jpg\",\"contentUrl\":\"https:\/\/ninahaeussle.at\/kraftsymbol\/wp-content\/uploads\/2025\/12\/Visitenkarte-Judith-Fulterer-04b.jpg\",\"width\":2000,\"height\":1333,\"caption\":\"Visitenkarte Judith Fulterer\"},{\"@type\":\"BreadcrumbList\",\"@id\":\"https:\/\/ninahaeussle.at\/kraftsymbol\/judith-fulterer\/#breadcrumb\",\"itemListElement\":[{\"@type\":\"ListItem\",\"position\":1,\"name\":\"Startseite\",\"item\":\"https:\/\/ninahaeussle.at\/kraftsymbol\/\"},{\"@type\":\"ListItem\",\"position\":2,\"name\":\"Judith Fulterer\"}]},{\"@type\":\"WebSite\",\"@id\":\"https:\/\/ninahaeussle.at\/kraftsymbol\/#website\",\"url\":\"https:\/\/ninahaeussle.at\/kraftsymbol\/\",\"name\":\"Nina H\u00e4u\u00dfle Grafik | Dein Kraftsymbol\",\"description\":\"Dein Logo. Dein Kraftsymbol. Deine Mission.\",\"publisher\":{\"@id\":\"https:\/\/ninahaeussle.at\/kraftsymbol\/#organization\"},\"potentialAction\":[{\"@type\":\"SearchAction\",\"target\":{\"@type\":\"EntryPoint\",\"urlTemplate\":\"https:\/\/ninahaeussle.at\/kraftsymbol\/?s={search_term_string}\"},\"query-input\":{\"@type\":\"PropertyValueSpecification\",\"valueRequired\":true,\"valueName\":\"search_term_string\"}}],\"inLanguage\":\"de\"},{\"@type\":\"Organization\",\"@id\":\"https:\/\/ninahaeussle.at\/kraftsymbol\/#organization\",\"name\":\"Grafik in Ko-Kreation\",\"url\":\"https:\/\/ninahaeussle.at\/kraftsymbol\/\",\"logo\":{\"@type\":\"ImageObject\",\"inLanguage\":\"de\",\"@id\":\"https:\/\/ninahaeussle.at\/kraftsymbol\/#\/schema\/logo\/image\/\",\"url\":\"https:\/\/ninahaeussle.at\/kraftsymbol\/wp-content\/uploads\/2022\/05\/Logo-Grafik-in-Ko-Kreation-web.png\",\"contentUrl\":\"https:\/\/ninahaeussle.at\/kraftsymbol\/wp-content\/uploads\/2022\/05\/Logo-Grafik-in-Ko-Kreation-web.png\",\"width\":612,\"height\":294,\"caption\":\"Grafik in Ko-Kreation\"},\"image\":{\"@id\":\"https:\/\/ninahaeussle.at\/kraftsymbol\/#\/schema\/logo\/image\/\"}}]}<\/script>\n<!-- \/ Yoast SEO plugin. -->","yoast_head_json":{"title":"Judith Fulterer - Nina H\u00e4u\u00dfle Grafik | Dein Kraftsymbol","robots":{"index":"noindex","follow":"follow","max-snippet":"max-snippet:-1","max-image-preview":"max-image-preview:large","max-video-preview":"max-video-preview:-1"},"og_locale":"de_DE","og_type":"article","og_title":"Judith Fulterer - Nina H\u00e4u\u00dfle Grafik | Dein Kraftsymbol","og_description":"Judith Fulterer Erscheinungsbild: Logo &amp; Visitenkarte Kunde: Judith Fulterer, Seelenbegleiterin Methode: Lichtkind-Begleitung f\u00fcr M\u00fctter und ihre Kinder. Erscheinungsbild: Logo &amp; Visitenkarte Kunde: Judith Fulterer, SeelenbegleiterinMethode: Lichtkind-Begleitung f\u00fcr M\u00fctter und ihre Kinder. Mein Logo spiegelt tats\u00e4chlich meine Seelenessenz wider. Als ich das Ergebnis erhalten habe, kamen immer wieder Lichtblitze vergangener Zeiten hoch. Denn das Logo spiegelte [&hellip;]","og_url":"https:\/\/ninahaeussle.at\/kraftsymbol\/judith-fulterer\/","og_site_name":"Nina H\u00e4u\u00dfle Grafik | Dein Kraftsymbol","article_modified_time":"2025-12-30T05:28:35+00:00","og_image":[{"width":2000,"height":1333,"url":"https:\/\/ninahaeussle.at\/kraftsymbol\/wp-content\/uploads\/2025\/12\/Visitenkarte-Judith-Fulterer-04b.jpg","type":"image\/jpeg"}],"twitter_card":"summary_large_image","twitter_misc":{"Gesch\u00e4tzte Lesezeit":"1\u00a0Minute"},"schema":{"@context":"https:\/\/schema.org","@graph":[{"@type":"WebPage","@id":"https:\/\/ninahaeussle.at\/kraftsymbol\/judith-fulterer\/","url":"https:\/\/ninahaeussle.at\/kraftsymbol\/judith-fulterer\/","name":"Judith Fulterer - Nina H\u00e4u\u00dfle Grafik | Dein Kraftsymbol","isPartOf":{"@id":"https:\/\/ninahaeussle.at\/kraftsymbol\/#website"},"primaryImageOfPage":{"@id":"https:\/\/ninahaeussle.at\/kraftsymbol\/judith-fulterer\/#primaryimage"},"image":{"@id":"https:\/\/ninahaeussle.at\/kraftsymbol\/judith-fulterer\/#primaryimage"},"thumbnailUrl":"https:\/\/ninahaeussle.at\/kraftsymbol\/wp-content\/uploads\/2025\/12\/Visitenkarte-Judith-Fulterer-04b.jpg","datePublished":"2025-12-29T21:52:40+00:00","dateModified":"2025-12-30T05:28:35+00:00","breadcrumb":{"@id":"https:\/\/ninahaeussle.at\/kraftsymbol\/judith-fulterer\/#breadcrumb"},"inLanguage":"de","potentialAction":[{"@type":"ReadAction","target":["https:\/\/ninahaeussle.at\/kraftsymbol\/judith-fulterer\/"]}]},{"@type":"ImageObject","inLanguage":"de","@id":"https:\/\/ninahaeussle.at\/kraftsymbol\/judith-fulterer\/#primaryimage","url":"https:\/\/ninahaeussle.at\/kraftsymbol\/wp-content\/uploads\/2025\/12\/Visitenkarte-Judith-Fulterer-04b.jpg","contentUrl":"https:\/\/ninahaeussle.at\/kraftsymbol\/wp-content\/uploads\/2025\/12\/Visitenkarte-Judith-Fulterer-04b.jpg","width":2000,"height":1333,"caption":"Visitenkarte Judith Fulterer"},{"@type":"BreadcrumbList","@id":"https:\/\/ninahaeussle.at\/kraftsymbol\/judith-fulterer\/#breadcrumb","itemListElement":[{"@type":"ListItem","position":1,"name":"Startseite","item":"https:\/\/ninahaeussle.at\/kraftsymbol\/"},{"@type":"ListItem","position":2,"name":"Judith Fulterer"}]},{"@type":"WebSite","@id":"https:\/\/ninahaeussle.at\/kraftsymbol\/#website","url":"https:\/\/ninahaeussle.at\/kraftsymbol\/","name":"Nina H\u00e4u\u00dfle Grafik | Dein Kraftsymbol","description":"Dein Logo. Dein Kraftsymbol. Deine Mission.","publisher":{"@id":"https:\/\/ninahaeussle.at\/kraftsymbol\/#organization"},"potentialAction":[{"@type":"SearchAction","target":{"@type":"EntryPoint","urlTemplate":"https:\/\/ninahaeussle.at\/kraftsymbol\/?s={search_term_string}"},"query-input":{"@type":"PropertyValueSpecification","valueRequired":true,"valueName":"search_term_string"}}],"inLanguage":"de"},{"@type":"Organization","@id":"https:\/\/ninahaeussle.at\/kraftsymbol\/#organization","name":"Grafik in Ko-Kreation","url":"https:\/\/ninahaeussle.at\/kraftsymbol\/","logo":{"@type":"ImageObject","inLanguage":"de","@id":"https:\/\/ninahaeussle.at\/kraftsymbol\/#\/schema\/logo\/image\/","url":"https:\/\/ninahaeussle.at\/kraftsymbol\/wp-content\/uploads\/2022\/05\/Logo-Grafik-in-Ko-Kreation-web.png","contentUrl":"https:\/\/ninahaeussle.at\/kraftsymbol\/wp-content\/uploads\/2022\/05\/Logo-Grafik-in-Ko-Kreation-web.png","width":612,"height":294,"caption":"Grafik in Ko-Kreation"},"image":{"@id":"https:\/\/ninahaeussle.at\/kraftsymbol\/#\/schema\/logo\/image\/"}}]}},"_links":{"self":[{"href":"https:\/\/ninahaeussle.at\/kraftsymbol\/wp-json\/wp\/v2\/pages\/5780","targetHints":{"allow":["GET"]}}],"collection":[{"href":"https:\/\/ninahaeussle.at\/kraftsymbol\/wp-json\/wp\/v2\/pages"}],"about":[{"href":"https:\/\/ninahaeussle.at\/kraftsymbol\/wp-json\/wp\/v2\/types\/page"}],"author":[{"embeddable":true,"href":"https:\/\/ninahaeussle.at\/kraftsymbol\/wp-json\/wp\/v2\/users\/1"}],"replies":[{"embeddable":true,"href":"https:\/\/ninahaeussle.at\/kraftsymbol\/wp-json\/wp\/v2\/comments?post=5780"}],"version-history":[{"count":10,"href":"https:\/\/ninahaeussle.at\/kraftsymbol\/wp-json\/wp\/v2\/pages\/5780\/revisions"}],"predecessor-version":[{"id":5821,"href":"https:\/\/ninahaeussle.at\/kraftsymbol\/wp-json\/wp\/v2\/pages\/5780\/revisions\/5821"}],"wp:attachment":[{"href":"https:\/\/ninahaeussle.at\/kraftsymbol\/wp-json\/wp\/v2\/media?parent=5780"}],"curies":[{"name":"wp","href":"https:\/\/api.w.org\/{rel}","templated":true}]}}