{"id":2236,"date":"2022-09-02T13:19:55","date_gmt":"2022-09-02T13:19:55","guid":{"rendered":"https:\/\/grafikinkokreation.at\/test\/?page_id=2236"},"modified":"2022-10-26T08:17:03","modified_gmt":"2022-10-26T08:17:03","slug":"redesign-logo-hansjoerg-haeussle","status":"publish","type":"page","link":"https:\/\/ninahaeussle.at\/kraftsymbol\/redesign-logo-hansjoerg-haeussle\/","title":{"rendered":"Redesign Logo Hansj\u00f6rg H\u00e4u\u00dfle"},"content":{"rendered":"\t\t<div data-elementor-type=\"wp-page\" data-elementor-id=\"2236\" class=\"elementor elementor-2236\" data-elementor-post-type=\"page\">\n\t\t\t\t\t\t<section class=\"elementor-section elementor-top-section elementor-element elementor-element-39b6617 elementor-section-boxed elementor-section-height-default elementor-section-height-default\" data-id=\"39b6617\" data-element_type=\"section\" data-e-type=\"section\" id=\"top\" data-settings=\"{&quot;background_background&quot;:&quot;classic&quot;}\">\n\t\t\t\t\t\t<div class=\"elementor-container elementor-column-gap-default\">\n\t\t\t\t\t<div class=\"elementor-column elementor-col-66 elementor-top-column elementor-element elementor-element-813576d\" data-id=\"813576d\" data-element_type=\"column\" data-e-type=\"column\">\n\t\t\t<div class=\"elementor-widget-wrap elementor-element-populated\">\n\t\t\t\t\t\t<div class=\"elementor-element elementor-element-d9ec3ac elementor-widget elementor-widget-spacer\" data-id=\"d9ec3ac\" data-element_type=\"widget\" data-e-type=\"widget\" data-widget_type=\"spacer.default\">\n\t\t\t\t<div class=\"elementor-widget-container\">\n\t\t\t\t\t\t\t<div class=\"elementor-spacer\">\n\t\t\t<div class=\"elementor-spacer-inner\"><\/div>\n\t\t<\/div>\n\t\t\t\t\t\t<\/div>\n\t\t\t\t<\/div>\n\t\t\t\t<div class=\"elementor-element elementor-element-a6df17f e-transform elementor-widget elementor-widget-heading\" data-id=\"a6df17f\" data-element_type=\"widget\" data-e-type=\"widget\" data-settings=\"{&quot;_transform_rotateZ_effect&quot;:{&quot;unit&quot;:&quot;px&quot;,&quot;size&quot;:-5,&quot;sizes&quot;:[]},&quot;_transform_rotateZ_effect_laptop&quot;:{&quot;unit&quot;:&quot;deg&quot;,&quot;size&quot;:&quot;&quot;,&quot;sizes&quot;:[]},&quot;_transform_rotateZ_effect_tablet&quot;:{&quot;unit&quot;:&quot;deg&quot;,&quot;size&quot;:&quot;&quot;,&quot;sizes&quot;:[]},&quot;_transform_rotateZ_effect_mobile&quot;:{&quot;unit&quot;:&quot;deg&quot;,&quot;size&quot;:&quot;&quot;,&quot;sizes&quot;:[]}}\" data-widget_type=\"heading.default\">\n\t\t\t\t<div class=\"elementor-widget-container\">\n\t\t\t\t\t<h1 class=\"elementor-heading-title elementor-size-default\">Hansj\u00f6rg<br>H\u00e4u\u00dfle<\/h1>\t\t\t\t<\/div>\n\t\t\t\t<\/div>\n\t\t\t\t\t<\/div>\n\t\t<\/div>\n\t\t\t\t<div class=\"elementor-column elementor-col-33 elementor-top-column elementor-element elementor-element-c03a157 elementor-hidden-tablet elementor-hidden-mobile\" data-id=\"c03a157\" data-element_type=\"column\" data-e-type=\"column\">\n\t\t\t<div class=\"elementor-widget-wrap elementor-element-populated\">\n\t\t\t\t\t\t<div class=\"elementor-element elementor-element-e0a4f30 elementor-widget elementor-widget-heading\" data-id=\"e0a4f30\" data-element_type=\"widget\" data-e-type=\"widget\" data-widget_type=\"heading.default\">\n\t\t\t\t<div class=\"elementor-widget-container\">\n\t\t\t\t\t<h4 class=\"elementor-heading-title elementor-size-default\">Erscheinungsbild: <br>Re-Design Logo &amp; Visitenkarte, Briefpapier, Planvorlagen<\/h4>\t\t\t\t<\/div>\n\t\t\t\t<\/div>\n\t\t\t\t<div class=\"elementor-element elementor-element-34bb6c2 elementor-widget elementor-widget-text-editor\" data-id=\"34bb6c2\" data-element_type=\"widget\" data-e-type=\"widget\" data-widget_type=\"text-editor.default\">\n\t\t\t\t<div class=\"elementor-widget-container\">\n\t\t\t\t\t\t\t\t\t<p><span class=\"fett\">Kunde:<\/span> Hansj\u00f6rg H\u00e4u\u00dfle, Planungsb\u00fcro f\u00fcr Gartengestaltung und Objektbegr\u00fcnung<br \/><span class=\"fett\">Mission: <\/span>Der Garten: der erweiterte Wohnraum zum Wohlf\u00fchlen.<\/p>\t\t\t\t\t\t\t\t<\/div>\n\t\t\t\t<\/div>\n\t\t\t\t\t<\/div>\n\t\t<\/div>\n\t\t\t\t\t<\/div>\n\t\t<\/section>\n\t\t\t\t<section class=\"elementor-section elementor-top-section elementor-element elementor-element-954f8d2 elementor-hidden-desktop elementor-hidden-laptop elementor-section-boxed elementor-section-height-default elementor-section-height-default\" data-id=\"954f8d2\" data-element_type=\"section\" data-e-type=\"section\">\n\t\t\t\t\t\t<div class=\"elementor-container elementor-column-gap-default\">\n\t\t\t\t\t<div class=\"elementor-column elementor-col-100 elementor-top-column elementor-element elementor-element-ec29329 elementor-hidden-desktop elementor-hidden-laptop\" data-id=\"ec29329\" data-element_type=\"column\" data-e-type=\"column\">\n\t\t\t<div class=\"elementor-widget-wrap elementor-element-populated\">\n\t\t\t\t\t\t<div class=\"elementor-element elementor-element-d309255 elementor-widget elementor-widget-heading\" data-id=\"d309255\" data-element_type=\"widget\" data-e-type=\"widget\" data-widget_type=\"heading.default\">\n\t\t\t\t<div class=\"elementor-widget-container\">\n\t\t\t\t\t<h4 class=\"elementor-heading-title elementor-size-default\">Erscheinungsbild: <br>Re-Design Logo &amp; Visitenkarte, Briefpapier, Planvorlagen<\/h4>\t\t\t\t<\/div>\n\t\t\t\t<\/div>\n\t\t\t\t<div class=\"elementor-element elementor-element-44c7bc1b elementor-widget elementor-widget-text-editor\" data-id=\"44c7bc1b\" data-element_type=\"widget\" data-e-type=\"widget\" data-widget_type=\"text-editor.default\">\n\t\t\t\t<div class=\"elementor-widget-container\">\n\t\t\t\t\t\t\t\t\t<p><span class=\"fett\">Kunde:<\/span> Hansj\u00f6rg H\u00e4u\u00dfle, Planungsb\u00fcro f\u00fcr Gartengestaltung und Objektbegr\u00fcnung<br \/><span class=\"fett\">Mission: <\/span>Der Garten: der erweiterte Wohnraum zum Wohlf\u00fchlen.<\/p>\t\t\t\t\t\t\t\t<\/div>\n\t\t\t\t<\/div>\n\t\t\t\t\t<\/div>\n\t\t<\/div>\n\t\t\t\t\t<\/div>\n\t\t<\/section>\n\t\t\t\t<section class=\"elementor-section elementor-top-section elementor-element elementor-element-4115c0c8 elementor-section-full_width elementor-section-content-top elementor-section-stretched elementor-section-height-default elementor-section-height-default\" data-id=\"4115c0c8\" data-element_type=\"section\" data-e-type=\"section\" data-settings=\"{&quot;stretch_section&quot;:&quot;section-stretched&quot;}\">\n\t\t\t\t\t\t<div class=\"elementor-container elementor-column-gap-default\">\n\t\t\t\t\t<div class=\"elementor-column elementor-col-66 elementor-top-column elementor-element elementor-element-82470\" data-id=\"82470\" data-element_type=\"column\" data-e-type=\"column\">\n\t\t\t<div class=\"elementor-widget-wrap elementor-element-populated\">\n\t\t\t\t\t\t<div class=\"elementor-element elementor-element-40f9a281 elementor-widget elementor-widget-image\" data-id=\"40f9a281\" data-element_type=\"widget\" data-e-type=\"widget\" data-widget_type=\"image.default\">\n\t\t\t\t<div class=\"elementor-widget-container\">\n\t\t\t\t\t\t\t\t\t\t\t\t\t\t\t<img fetchpriority=\"high\" decoding=\"async\" width=\"1642\" height=\"1022\" src=\"https:\/\/ninahaeussle.at\/kraftsymbol\/wp-content\/uploads\/2022\/09\/geschaeftsausstattung-hansjoert-haeussle02.jpg\" class=\"attachment-full size-full wp-image-2239\" alt=\"Visitenkarte und Briefpapier - Hansj\u00f6rg H\u00e4u\u00dfle\" srcset=\"https:\/\/ninahaeussle.at\/kraftsymbol\/wp-content\/uploads\/2022\/09\/geschaeftsausstattung-hansjoert-haeussle02.jpg 1642w, https:\/\/ninahaeussle.at\/kraftsymbol\/wp-content\/uploads\/2022\/09\/geschaeftsausstattung-hansjoert-haeussle02-300x187.jpg 300w, https:\/\/ninahaeussle.at\/kraftsymbol\/wp-content\/uploads\/2022\/09\/geschaeftsausstattung-hansjoert-haeussle02-1024x637.jpg 1024w, https:\/\/ninahaeussle.at\/kraftsymbol\/wp-content\/uploads\/2022\/09\/geschaeftsausstattung-hansjoert-haeussle02-768x478.jpg 768w, https:\/\/ninahaeussle.at\/kraftsymbol\/wp-content\/uploads\/2022\/09\/geschaeftsausstattung-hansjoert-haeussle02-1536x956.jpg 1536w\" sizes=\"(max-width: 1642px) 100vw, 1642px\" \/>\t\t\t\t\t\t\t\t\t\t\t\t\t\t\t<\/div>\n\t\t\t\t<\/div>\n\t\t\t\t\t<\/div>\n\t\t<\/div>\n\t\t\t\t<div class=\"elementor-column elementor-col-33 elementor-top-column elementor-element elementor-element-8adc1ba\" data-id=\"8adc1ba\" data-element_type=\"column\" data-e-type=\"column\">\n\t\t\t<div class=\"elementor-widget-wrap\">\n\t\t\t\t\t\t\t<\/div>\n\t\t<\/div>\n\t\t\t\t\t<\/div>\n\t\t<\/section>\n\t\t\t\t<section class=\"elementor-section elementor-top-section elementor-element elementor-element-ba4dc67 elementor-section-full_width elementor-section-height-default elementor-section-height-default\" data-id=\"ba4dc67\" data-element_type=\"section\" data-e-type=\"section\">\n\t\t\t\t\t\t<div class=\"elementor-container elementor-column-gap-default\">\n\t\t\t\t\t<div class=\"elementor-column elementor-col-50 elementor-top-column elementor-element elementor-element-3597956\" data-id=\"3597956\" data-element_type=\"column\" data-e-type=\"column\">\n\t\t\t<div class=\"elementor-widget-wrap\">\n\t\t\t\t\t\t\t<\/div>\n\t\t<\/div>\n\t\t\t\t<div class=\"elementor-column elementor-col-50 elementor-top-column elementor-element elementor-element-9901398\" data-id=\"9901398\" data-element_type=\"column\" data-e-type=\"column\">\n\t\t\t<div class=\"elementor-widget-wrap elementor-element-populated\">\n\t\t\t\t\t\t<div class=\"elementor-element elementor-element-3935c2a elementor-widget elementor-widget-image\" data-id=\"3935c2a\" data-element_type=\"widget\" data-e-type=\"widget\" data-widget_type=\"image.default\">\n\t\t\t\t<div class=\"elementor-widget-container\">\n\t\t\t\t\t\t\t\t\t\t\t\t\t\t\t<img decoding=\"async\" width=\"823\" height=\"526\" src=\"https:\/\/ninahaeussle.at\/kraftsymbol\/wp-content\/uploads\/2022\/09\/LogoDetail-hansjoerg-haeussle.jpg\" class=\"attachment-full size-full wp-image-2255\" alt=\"\" srcset=\"https:\/\/ninahaeussle.at\/kraftsymbol\/wp-content\/uploads\/2022\/09\/LogoDetail-hansjoerg-haeussle.jpg 823w, https:\/\/ninahaeussle.at\/kraftsymbol\/wp-content\/uploads\/2022\/09\/LogoDetail-hansjoerg-haeussle-300x192.jpg 300w, https:\/\/ninahaeussle.at\/kraftsymbol\/wp-content\/uploads\/2022\/09\/LogoDetail-hansjoerg-haeussle-768x491.jpg 768w\" sizes=\"(max-width: 823px) 100vw, 823px\" \/>\t\t\t\t\t\t\t\t\t\t\t\t\t\t\t<\/div>\n\t\t\t\t<\/div>\n\t\t\t\t\t<\/div>\n\t\t<\/div>\n\t\t\t\t\t<\/div>\n\t\t<\/section>\n\t\t\t\t<section class=\"elementor-section elementor-top-section elementor-element elementor-element-7e8673e3 elementor-section-boxed elementor-section-height-default elementor-section-height-default\" data-id=\"7e8673e3\" data-element_type=\"section\" data-e-type=\"section\">\n\t\t\t\t\t\t<div class=\"elementor-container elementor-column-gap-default\">\n\t\t\t\t\t<div class=\"elementor-column elementor-col-100 elementor-top-column elementor-element elementor-element-114c8a4b\" data-id=\"114c8a4b\" data-element_type=\"column\" data-e-type=\"column\">\n\t\t\t<div class=\"elementor-widget-wrap elementor-element-populated\">\n\t\t\t\t\t\t<div class=\"elementor-element elementor-element-a3cfaa6 elementor-align-left elementor-mobile-align-center elementor-widget__width-auto elementor-widget-mobile__width-inherit elementor-widget elementor-widget-global elementor-global-3273 elementor-widget-button\" data-id=\"a3cfaa6\" data-element_type=\"widget\" data-e-type=\"widget\" data-widget_type=\"button.default\">\n\t\t\t\t<div class=\"elementor-widget-container\">\n\t\t\t\t\t\t\t\t\t<div class=\"elementor-button-wrapper\">\n\t\t\t\t\t<a class=\"elementor-button elementor-button-link elementor-size-sm\" href=\"https:\/\/ninahaeussle.at\/kraftsymbol\/#aktuelle-projekte\">\n\t\t\t\t\t\t<span class=\"elementor-button-content-wrapper\">\n\t\t\t\t\t\t\t\t\t<span class=\"elementor-button-text\">zur\u00fcck zur \u00dcbersicht<\/span>\n\t\t\t\t\t<\/span>\n\t\t\t\t\t<\/a>\n\t\t\t\t<\/div>\n\t\t\t\t\t\t\t\t<\/div>\n\t\t\t\t<\/div>\n\t\t\t\t<div class=\"elementor-element elementor-element-5d20322 elementor-align-right elementor-mobile-align-center elementor-widget__width-auto elementor-widget-mobile__width-inherit elementor-widget elementor-widget-global elementor-global-3276 elementor-widget-button\" data-id=\"5d20322\" data-element_type=\"widget\" data-e-type=\"widget\" data-widget_type=\"button.default\">\n\t\t\t\t<div class=\"elementor-widget-container\">\n\t\t\t\t\t\t\t\t\t<div class=\"elementor-button-wrapper\">\n\t\t\t\t\t<a class=\"elementor-button elementor-button-link elementor-size-sm\" href=\"https:\/\/ninahaeussle.at\/kraftsymbol\/#kontakt\">\n\t\t\t\t\t\t<span class=\"elementor-button-content-wrapper\">\n\t\t\t\t\t\t\t\t\t<span class=\"elementor-button-text\">Kontakt aufnehmen<\/span>\n\t\t\t\t\t<\/span>\n\t\t\t\t\t<\/a>\n\t\t\t\t<\/div>\n\t\t\t\t\t\t\t\t<\/div>\n\t\t\t\t<\/div>\n\t\t\t\t\t<\/div>\n\t\t<\/div>\n\t\t\t\t\t<\/div>\n\t\t<\/section>\n\t\t\t\t<\/div>\n\t\t","protected":false},"excerpt":{"rendered":"<p>Hansj\u00f6rg H\u00e4u\u00dfle Erscheinungsbild: Re-Design Logo &amp; Visitenkarte, Briefpapier, Planvorlagen Kunde: Hansj\u00f6rg H\u00e4u\u00dfle, Planungsb\u00fcro f\u00fcr Gartengestaltung und Objektbegr\u00fcnung Mission: Der Garten: der erweiterte Wohnraum zum Wohlf\u00fchlen. Erscheinungsbild: Re-Design Logo &amp; Visitenkarte, Briefpapier, Planvorlagen Kunde: Hansj\u00f6rg H\u00e4u\u00dfle, Planungsb\u00fcro f\u00fcr Gartengestaltung und Objektbegr\u00fcnung Mission: Der Garten: der erweiterte Wohnraum zum Wohlf\u00fchlen. zur\u00fcck zur \u00dcbersicht Kontakt aufnehmen<\/p>\n","protected":false},"author":1,"featured_media":0,"parent":0,"menu_order":0,"comment_status":"closed","ping_status":"closed","template":"elementor_header_footer","meta":{"footnotes":""},"class_list":["post-2236","page","type-page","status-publish","hentry"],"yoast_head":"<!-- This site is optimized with the Yoast SEO plugin v26.9 - https:\/\/yoast.com\/product\/yoast-seo-wordpress\/ -->\n<title>Nina H\u00e4u\u00dfle Grafik | Dein Kraftsymbol - Re-Design Logo Planungsb\u00fcro<\/title>\n<meta name=\"description\" content=\"Gesch\u00e4ftsausstattung f\u00fcr das Planungsb\u00fcro Hansj\u00f6rg H\u00e4u\u00dfle. Re-Design Logo, Visitenkarte und Briefpapier.\" \/>\n<meta name=\"robots\" content=\"noindex, follow, max-snippet:-1, max-image-preview:large, max-video-preview:-1\" \/>\n<meta property=\"og:locale\" content=\"de_DE\" \/>\n<meta property=\"og:type\" content=\"article\" \/>\n<meta property=\"og:title\" content=\"Nina H\u00e4u\u00dfle Grafik | Dein Kraftsymbol - Re-Design Logo Planungsb\u00fcro\" \/>\n<meta property=\"og:description\" content=\"Gesch\u00e4ftsausstattung f\u00fcr das Planungsb\u00fcro Hansj\u00f6rg H\u00e4u\u00dfle. Re-Design Logo, Visitenkarte und Briefpapier.\" \/>\n<meta property=\"og:url\" content=\"https:\/\/ninahaeussle.at\/kraftsymbol\/redesign-logo-hansjoerg-haeussle\/\" \/>\n<meta property=\"og:site_name\" content=\"Nina H\u00e4u\u00dfle Grafik | Dein Kraftsymbol\" \/>\n<meta property=\"article:modified_time\" content=\"2022-10-26T08:17:03+00:00\" \/>\n<meta property=\"og:image\" content=\"https:\/\/ninahaeussle.at\/kraftsymbol\/wp-content\/uploads\/2022\/09\/geschaeftsausstattung-hansjoert-haeussle02.jpg\" \/>\n<meta name=\"twitter:card\" content=\"summary_large_image\" \/>\n<meta name=\"twitter:label1\" content=\"Gesch\u00e4tzte Lesezeit\" \/>\n\t<meta name=\"twitter:data1\" content=\"1\u00a0Minute\" \/>\n<script type=\"application\/ld+json\" class=\"yoast-schema-graph\">{\"@context\":\"https:\/\/schema.org\",\"@graph\":[{\"@type\":\"WebPage\",\"@id\":\"https:\/\/ninahaeussle.at\/kraftsymbol\/redesign-logo-hansjoerg-haeussle\/\",\"url\":\"https:\/\/ninahaeussle.at\/kraftsymbol\/redesign-logo-hansjoerg-haeussle\/\",\"name\":\"Nina H\u00e4u\u00dfle Grafik | Dein Kraftsymbol - Re-Design Logo Planungsb\u00fcro\",\"isPartOf\":{\"@id\":\"https:\/\/ninahaeussle.at\/kraftsymbol\/#website\"},\"primaryImageOfPage\":{\"@id\":\"https:\/\/ninahaeussle.at\/kraftsymbol\/redesign-logo-hansjoerg-haeussle\/#primaryimage\"},\"image\":{\"@id\":\"https:\/\/ninahaeussle.at\/kraftsymbol\/redesign-logo-hansjoerg-haeussle\/#primaryimage\"},\"thumbnailUrl\":\"https:\/\/ninahaeussle.at\/kraftsymbol\/wp-content\/uploads\/2022\/09\/geschaeftsausstattung-hansjoert-haeussle02.jpg\",\"datePublished\":\"2022-09-02T13:19:55+00:00\",\"dateModified\":\"2022-10-26T08:17:03+00:00\",\"description\":\"Gesch\u00e4ftsausstattung f\u00fcr das Planungsb\u00fcro Hansj\u00f6rg H\u00e4u\u00dfle. Re-Design Logo, Visitenkarte und Briefpapier.\",\"breadcrumb\":{\"@id\":\"https:\/\/ninahaeussle.at\/kraftsymbol\/redesign-logo-hansjoerg-haeussle\/#breadcrumb\"},\"inLanguage\":\"de\",\"potentialAction\":[{\"@type\":\"ReadAction\",\"target\":[\"https:\/\/ninahaeussle.at\/kraftsymbol\/redesign-logo-hansjoerg-haeussle\/\"]}]},{\"@type\":\"ImageObject\",\"inLanguage\":\"de\",\"@id\":\"https:\/\/ninahaeussle.at\/kraftsymbol\/redesign-logo-hansjoerg-haeussle\/#primaryimage\",\"url\":\"https:\/\/ninahaeussle.at\/kraftsymbol\/wp-content\/uploads\/2022\/09\/geschaeftsausstattung-hansjoert-haeussle02.jpg\",\"contentUrl\":\"https:\/\/ninahaeussle.at\/kraftsymbol\/wp-content\/uploads\/2022\/09\/geschaeftsausstattung-hansjoert-haeussle02.jpg\",\"width\":1642,\"height\":1022,\"caption\":\"Visitenkarte und Briefpapier - Hansj\u00f6rg H\u00e4u\u00dfle\"},{\"@type\":\"BreadcrumbList\",\"@id\":\"https:\/\/ninahaeussle.at\/kraftsymbol\/redesign-logo-hansjoerg-haeussle\/#breadcrumb\",\"itemListElement\":[{\"@type\":\"ListItem\",\"position\":1,\"name\":\"Startseite\",\"item\":\"https:\/\/ninahaeussle.at\/kraftsymbol\/\"},{\"@type\":\"ListItem\",\"position\":2,\"name\":\"Redesign Logo Hansj\u00f6rg H\u00e4u\u00dfle\"}]},{\"@type\":\"WebSite\",\"@id\":\"https:\/\/ninahaeussle.at\/kraftsymbol\/#website\",\"url\":\"https:\/\/ninahaeussle.at\/kraftsymbol\/\",\"name\":\"Nina H\u00e4u\u00dfle Grafik | Dein Kraftsymbol\",\"description\":\"Dein Logo. Dein Kraftsymbol. Deine Mission.\",\"publisher\":{\"@id\":\"https:\/\/ninahaeussle.at\/kraftsymbol\/#organization\"},\"potentialAction\":[{\"@type\":\"SearchAction\",\"target\":{\"@type\":\"EntryPoint\",\"urlTemplate\":\"https:\/\/ninahaeussle.at\/kraftsymbol\/?s={search_term_string}\"},\"query-input\":{\"@type\":\"PropertyValueSpecification\",\"valueRequired\":true,\"valueName\":\"search_term_string\"}}],\"inLanguage\":\"de\"},{\"@type\":\"Organization\",\"@id\":\"https:\/\/ninahaeussle.at\/kraftsymbol\/#organization\",\"name\":\"Grafik in Ko-Kreation\",\"url\":\"https:\/\/ninahaeussle.at\/kraftsymbol\/\",\"logo\":{\"@type\":\"ImageObject\",\"inLanguage\":\"de\",\"@id\":\"https:\/\/ninahaeussle.at\/kraftsymbol\/#\/schema\/logo\/image\/\",\"url\":\"https:\/\/ninahaeussle.at\/kraftsymbol\/wp-content\/uploads\/2022\/05\/Logo-Grafik-in-Ko-Kreation-web.png\",\"contentUrl\":\"https:\/\/ninahaeussle.at\/kraftsymbol\/wp-content\/uploads\/2022\/05\/Logo-Grafik-in-Ko-Kreation-web.png\",\"width\":612,\"height\":294,\"caption\":\"Grafik in Ko-Kreation\"},\"image\":{\"@id\":\"https:\/\/ninahaeussle.at\/kraftsymbol\/#\/schema\/logo\/image\/\"}}]}<\/script>\n<!-- \/ Yoast SEO plugin. -->","yoast_head_json":{"title":"Nina H\u00e4u\u00dfle Grafik | Dein Kraftsymbol - Re-Design Logo Planungsb\u00fcro","description":"Gesch\u00e4ftsausstattung f\u00fcr das Planungsb\u00fcro Hansj\u00f6rg H\u00e4u\u00dfle. Re-Design Logo, Visitenkarte und Briefpapier.","robots":{"index":"noindex","follow":"follow","max-snippet":"max-snippet:-1","max-image-preview":"max-image-preview:large","max-video-preview":"max-video-preview:-1"},"og_locale":"de_DE","og_type":"article","og_title":"Nina H\u00e4u\u00dfle Grafik | Dein Kraftsymbol - Re-Design Logo Planungsb\u00fcro","og_description":"Gesch\u00e4ftsausstattung f\u00fcr das Planungsb\u00fcro Hansj\u00f6rg H\u00e4u\u00dfle. Re-Design Logo, Visitenkarte und Briefpapier.","og_url":"https:\/\/ninahaeussle.at\/kraftsymbol\/redesign-logo-hansjoerg-haeussle\/","og_site_name":"Nina H\u00e4u\u00dfle Grafik | Dein Kraftsymbol","article_modified_time":"2022-10-26T08:17:03+00:00","og_image":[{"url":"https:\/\/ninahaeussle.at\/kraftsymbol\/wp-content\/uploads\/2022\/09\/geschaeftsausstattung-hansjoert-haeussle02.jpg","type":"","width":"","height":""}],"twitter_card":"summary_large_image","twitter_misc":{"Gesch\u00e4tzte Lesezeit":"1\u00a0Minute"},"schema":{"@context":"https:\/\/schema.org","@graph":[{"@type":"WebPage","@id":"https:\/\/ninahaeussle.at\/kraftsymbol\/redesign-logo-hansjoerg-haeussle\/","url":"https:\/\/ninahaeussle.at\/kraftsymbol\/redesign-logo-hansjoerg-haeussle\/","name":"Nina H\u00e4u\u00dfle Grafik | Dein Kraftsymbol - Re-Design Logo Planungsb\u00fcro","isPartOf":{"@id":"https:\/\/ninahaeussle.at\/kraftsymbol\/#website"},"primaryImageOfPage":{"@id":"https:\/\/ninahaeussle.at\/kraftsymbol\/redesign-logo-hansjoerg-haeussle\/#primaryimage"},"image":{"@id":"https:\/\/ninahaeussle.at\/kraftsymbol\/redesign-logo-hansjoerg-haeussle\/#primaryimage"},"thumbnailUrl":"https:\/\/ninahaeussle.at\/kraftsymbol\/wp-content\/uploads\/2022\/09\/geschaeftsausstattung-hansjoert-haeussle02.jpg","datePublished":"2022-09-02T13:19:55+00:00","dateModified":"2022-10-26T08:17:03+00:00","description":"Gesch\u00e4ftsausstattung f\u00fcr das Planungsb\u00fcro Hansj\u00f6rg H\u00e4u\u00dfle. Re-Design Logo, Visitenkarte und Briefpapier.","breadcrumb":{"@id":"https:\/\/ninahaeussle.at\/kraftsymbol\/redesign-logo-hansjoerg-haeussle\/#breadcrumb"},"inLanguage":"de","potentialAction":[{"@type":"ReadAction","target":["https:\/\/ninahaeussle.at\/kraftsymbol\/redesign-logo-hansjoerg-haeussle\/"]}]},{"@type":"ImageObject","inLanguage":"de","@id":"https:\/\/ninahaeussle.at\/kraftsymbol\/redesign-logo-hansjoerg-haeussle\/#primaryimage","url":"https:\/\/ninahaeussle.at\/kraftsymbol\/wp-content\/uploads\/2022\/09\/geschaeftsausstattung-hansjoert-haeussle02.jpg","contentUrl":"https:\/\/ninahaeussle.at\/kraftsymbol\/wp-content\/uploads\/2022\/09\/geschaeftsausstattung-hansjoert-haeussle02.jpg","width":1642,"height":1022,"caption":"Visitenkarte und Briefpapier - Hansj\u00f6rg H\u00e4u\u00dfle"},{"@type":"BreadcrumbList","@id":"https:\/\/ninahaeussle.at\/kraftsymbol\/redesign-logo-hansjoerg-haeussle\/#breadcrumb","itemListElement":[{"@type":"ListItem","position":1,"name":"Startseite","item":"https:\/\/ninahaeussle.at\/kraftsymbol\/"},{"@type":"ListItem","position":2,"name":"Redesign Logo Hansj\u00f6rg H\u00e4u\u00dfle"}]},{"@type":"WebSite","@id":"https:\/\/ninahaeussle.at\/kraftsymbol\/#website","url":"https:\/\/ninahaeussle.at\/kraftsymbol\/","name":"Nina H\u00e4u\u00dfle Grafik | Dein Kraftsymbol","description":"Dein Logo. Dein Kraftsymbol. Deine Mission.","publisher":{"@id":"https:\/\/ninahaeussle.at\/kraftsymbol\/#organization"},"potentialAction":[{"@type":"SearchAction","target":{"@type":"EntryPoint","urlTemplate":"https:\/\/ninahaeussle.at\/kraftsymbol\/?s={search_term_string}"},"query-input":{"@type":"PropertyValueSpecification","valueRequired":true,"valueName":"search_term_string"}}],"inLanguage":"de"},{"@type":"Organization","@id":"https:\/\/ninahaeussle.at\/kraftsymbol\/#organization","name":"Grafik in Ko-Kreation","url":"https:\/\/ninahaeussle.at\/kraftsymbol\/","logo":{"@type":"ImageObject","inLanguage":"de","@id":"https:\/\/ninahaeussle.at\/kraftsymbol\/#\/schema\/logo\/image\/","url":"https:\/\/ninahaeussle.at\/kraftsymbol\/wp-content\/uploads\/2022\/05\/Logo-Grafik-in-Ko-Kreation-web.png","contentUrl":"https:\/\/ninahaeussle.at\/kraftsymbol\/wp-content\/uploads\/2022\/05\/Logo-Grafik-in-Ko-Kreation-web.png","width":612,"height":294,"caption":"Grafik in Ko-Kreation"},"image":{"@id":"https:\/\/ninahaeussle.at\/kraftsymbol\/#\/schema\/logo\/image\/"}}]}},"_links":{"self":[{"href":"https:\/\/ninahaeussle.at\/kraftsymbol\/wp-json\/wp\/v2\/pages\/2236","targetHints":{"allow":["GET"]}}],"collection":[{"href":"https:\/\/ninahaeussle.at\/kraftsymbol\/wp-json\/wp\/v2\/pages"}],"about":[{"href":"https:\/\/ninahaeussle.at\/kraftsymbol\/wp-json\/wp\/v2\/types\/page"}],"author":[{"embeddable":true,"href":"https:\/\/ninahaeussle.at\/kraftsymbol\/wp-json\/wp\/v2\/users\/1"}],"replies":[{"embeddable":true,"href":"https:\/\/ninahaeussle.at\/kraftsymbol\/wp-json\/wp\/v2\/comments?post=2236"}],"version-history":[{"count":0,"href":"https:\/\/ninahaeussle.at\/kraftsymbol\/wp-json\/wp\/v2\/pages\/2236\/revisions"}],"wp:attachment":[{"href":"https:\/\/ninahaeussle.at\/kraftsymbol\/wp-json\/wp\/v2\/media?parent=2236"}],"curies":[{"name":"wp","href":"https:\/\/api.w.org\/{rel}","templated":true}]}}