{"id":2210,"date":"2022-09-02T12:49:40","date_gmt":"2022-09-02T12:49:40","guid":{"rendered":"https:\/\/grafikinkokreation.at\/test\/?page_id=2210"},"modified":"2025-12-30T05:37:00","modified_gmt":"2025-12-30T05:37:00","slug":"logo-alexandra-waibel-wohlfuehlmassage","status":"publish","type":"page","link":"https:\/\/ninahaeussle.at\/kraftsymbol\/logo-alexandra-waibel-wohlfuehlmassage\/","title":{"rendered":"Logo Alexandra Waibel Wohlf\u00fchlmassage"},"content":{"rendered":"\t\t<div data-elementor-type=\"wp-page\" data-elementor-id=\"2210\" class=\"elementor elementor-2210\" data-elementor-post-type=\"page\">\n\t\t\t\t\t\t<section class=\"elementor-section elementor-top-section elementor-element elementor-element-e725deb elementor-section-boxed elementor-section-height-default elementor-section-height-default\" data-id=\"e725deb\" data-element_type=\"section\" data-e-type=\"section\" id=\"top\" data-settings=\"{&quot;background_background&quot;:&quot;classic&quot;}\">\n\t\t\t\t\t\t<div class=\"elementor-container elementor-column-gap-default\">\n\t\t\t\t\t<div class=\"elementor-column elementor-col-66 elementor-top-column elementor-element elementor-element-53a3eca\" data-id=\"53a3eca\" data-element_type=\"column\" data-e-type=\"column\">\n\t\t\t<div class=\"elementor-widget-wrap elementor-element-populated\">\n\t\t\t\t\t\t<div class=\"elementor-element elementor-element-7ec4a19 elementor-widget elementor-widget-spacer\" data-id=\"7ec4a19\" data-element_type=\"widget\" data-e-type=\"widget\" data-widget_type=\"spacer.default\">\n\t\t\t\t<div class=\"elementor-widget-container\">\n\t\t\t\t\t\t\t<div class=\"elementor-spacer\">\n\t\t\t<div class=\"elementor-spacer-inner\"><\/div>\n\t\t<\/div>\n\t\t\t\t\t\t<\/div>\n\t\t\t\t<\/div>\n\t\t\t\t<div class=\"elementor-element elementor-element-fe8517a e-transform elementor-widget elementor-widget-heading\" data-id=\"fe8517a\" data-element_type=\"widget\" data-e-type=\"widget\" data-settings=\"{&quot;_transform_rotateZ_effect&quot;:{&quot;unit&quot;:&quot;px&quot;,&quot;size&quot;:-5,&quot;sizes&quot;:[]},&quot;_transform_rotateZ_effect_laptop&quot;:{&quot;unit&quot;:&quot;deg&quot;,&quot;size&quot;:&quot;&quot;,&quot;sizes&quot;:[]},&quot;_transform_rotateZ_effect_tablet&quot;:{&quot;unit&quot;:&quot;deg&quot;,&quot;size&quot;:&quot;&quot;,&quot;sizes&quot;:[]},&quot;_transform_rotateZ_effect_mobile&quot;:{&quot;unit&quot;:&quot;deg&quot;,&quot;size&quot;:&quot;&quot;,&quot;sizes&quot;:[]}}\" data-widget_type=\"heading.default\">\n\t\t\t\t<div class=\"elementor-widget-container\">\n\t\t\t\t\t<h1 class=\"elementor-heading-title elementor-size-default\">Alexandra\nWaibel\u200b<\/h1>\t\t\t\t<\/div>\n\t\t\t\t<\/div>\n\t\t\t\t\t<\/div>\n\t\t<\/div>\n\t\t\t\t<div class=\"elementor-column elementor-col-33 elementor-top-column elementor-element elementor-element-9996da3 elementor-hidden-tablet elementor-hidden-mobile\" data-id=\"9996da3\" data-element_type=\"column\" data-e-type=\"column\">\n\t\t\t<div class=\"elementor-widget-wrap elementor-element-populated\">\n\t\t\t\t\t\t<div class=\"elementor-element elementor-element-b2134ba elementor-widget elementor-widget-heading\" data-id=\"b2134ba\" data-element_type=\"widget\" data-e-type=\"widget\" data-widget_type=\"heading.default\">\n\t\t\t\t<div class=\"elementor-widget-container\">\n\t\t\t\t\t<h4 class=\"elementor-heading-title elementor-size-default\">Erscheinungsbild: <br>Logo &amp; Visitenkarte<\/h4>\t\t\t\t<\/div>\n\t\t\t\t<\/div>\n\t\t\t\t<div class=\"elementor-element elementor-element-90c8297 elementor-widget elementor-widget-text-editor\" data-id=\"90c8297\" data-element_type=\"widget\" data-e-type=\"widget\" data-widget_type=\"text-editor.default\">\n\t\t\t\t<div class=\"elementor-widget-container\">\n\t\t\t\t\t\t\t\t\t<p><span class=\"fett\">Kunde:<\/span> Alexandra Waibel, Wohlf\u00fchlmassage &#8211; Geborgen in deinem Sein.<br \/><span class=\"fett\">Methode: <\/span>VenusLicht Massage f\u00fcr Frauen<\/p>\t\t\t\t\t\t\t\t<\/div>\n\t\t\t\t<\/div>\n\t\t\t\t\t<\/div>\n\t\t<\/div>\n\t\t\t\t\t<\/div>\n\t\t<\/section>\n\t\t\t\t<section class=\"elementor-section elementor-top-section elementor-element elementor-element-733632e elementor-hidden-desktop elementor-hidden-laptop elementor-section-boxed elementor-section-height-default elementor-section-height-default\" data-id=\"733632e\" data-element_type=\"section\" data-e-type=\"section\">\n\t\t\t\t\t\t<div class=\"elementor-container elementor-column-gap-default\">\n\t\t\t\t\t<div class=\"elementor-column elementor-col-100 elementor-top-column elementor-element elementor-element-05ea8fc elementor-hidden-desktop elementor-hidden-laptop\" data-id=\"05ea8fc\" data-element_type=\"column\" data-e-type=\"column\">\n\t\t\t<div class=\"elementor-widget-wrap elementor-element-populated\">\n\t\t\t\t\t\t<div class=\"elementor-element elementor-element-bc14119 elementor-widget elementor-widget-heading\" data-id=\"bc14119\" data-element_type=\"widget\" data-e-type=\"widget\" data-widget_type=\"heading.default\">\n\t\t\t\t<div class=\"elementor-widget-container\">\n\t\t\t\t\t<h4 class=\"elementor-heading-title elementor-size-default\">Erscheinungsbild: <br>Logo &amp; Visitenkarte<\/h4>\t\t\t\t<\/div>\n\t\t\t\t<\/div>\n\t\t\t\t<div class=\"elementor-element elementor-element-e166f2b elementor-widget elementor-widget-text-editor\" data-id=\"e166f2b\" data-element_type=\"widget\" data-e-type=\"widget\" data-widget_type=\"text-editor.default\">\n\t\t\t\t<div class=\"elementor-widget-container\">\n\t\t\t\t\t\t\t\t\t<p><span class=\"fett\">Kunde:<\/span> Alexandra Waibel, Wohlf\u00fchlmassage &#8211; Geborgen in deinem Sein.<br \/><span class=\"fett\">Methode: <\/span>VenusLicht Massage f\u00fcr Frauen<\/p>\t\t\t\t\t\t\t\t<\/div>\n\t\t\t\t<\/div>\n\t\t\t\t\t<\/div>\n\t\t<\/div>\n\t\t\t\t\t<\/div>\n\t\t<\/section>\n\t\t\t\t<section class=\"elementor-section elementor-top-section elementor-element elementor-element-67b2c31c elementor-section-stretched elementor-section-full_width elementor-section-height-default elementor-section-height-default\" data-id=\"67b2c31c\" data-element_type=\"section\" data-e-type=\"section\" data-settings=\"{&quot;stretch_section&quot;:&quot;section-stretched&quot;}\">\n\t\t\t\t\t\t<div class=\"elementor-container elementor-column-gap-default\">\n\t\t\t\t\t<div class=\"elementor-column elementor-col-66 elementor-top-column elementor-element elementor-element-3c25bb31\" data-id=\"3c25bb31\" data-element_type=\"column\" data-e-type=\"column\">\n\t\t\t<div class=\"elementor-widget-wrap elementor-element-populated\">\n\t\t\t\t\t\t<div class=\"elementor-element elementor-element-2939cc88 elementor-widget elementor-widget-image\" data-id=\"2939cc88\" data-element_type=\"widget\" data-e-type=\"widget\" data-widget_type=\"image.default\">\n\t\t\t\t<div class=\"elementor-widget-container\">\n\t\t\t\t\t\t\t\t\t\t\t\t\t\t\t<img fetchpriority=\"high\" decoding=\"async\" width=\"1300\" height=\"900\" src=\"https:\/\/ninahaeussle.at\/kraftsymbol\/wp-content\/uploads\/2025\/12\/Visitenkarte-Alexandra-Waibel01f.jpg\" class=\"attachment-full size-full wp-image-5773\" alt=\"\" srcset=\"https:\/\/ninahaeussle.at\/kraftsymbol\/wp-content\/uploads\/2025\/12\/Visitenkarte-Alexandra-Waibel01f.jpg 1300w, https:\/\/ninahaeussle.at\/kraftsymbol\/wp-content\/uploads\/2025\/12\/Visitenkarte-Alexandra-Waibel01f-300x208.jpg 300w, https:\/\/ninahaeussle.at\/kraftsymbol\/wp-content\/uploads\/2025\/12\/Visitenkarte-Alexandra-Waibel01f-1024x709.jpg 1024w, https:\/\/ninahaeussle.at\/kraftsymbol\/wp-content\/uploads\/2025\/12\/Visitenkarte-Alexandra-Waibel01f-768x532.jpg 768w\" sizes=\"(max-width: 1300px) 100vw, 1300px\" \/>\t\t\t\t\t\t\t\t\t\t\t\t\t\t\t<\/div>\n\t\t\t\t<\/div>\n\t\t\t\t\t<\/div>\n\t\t<\/div>\n\t\t\t\t<div class=\"elementor-column elementor-col-33 elementor-top-column elementor-element elementor-element-54b1b088\" data-id=\"54b1b088\" data-element_type=\"column\" data-e-type=\"column\">\n\t\t\t<div class=\"elementor-widget-wrap elementor-element-populated\">\n\t\t\t\t\t\t<div class=\"elementor-element elementor-element-ba7bcbf elementor-widget__width-inherit elementor-widget elementor-widget-image\" data-id=\"ba7bcbf\" data-element_type=\"widget\" data-e-type=\"widget\" data-widget_type=\"image.default\">\n\t\t\t\t<div class=\"elementor-widget-container\">\n\t\t\t\t\t\t\t\t\t\t\t\t\t\t\t<img decoding=\"async\" width=\"900\" height=\"900\" src=\"https:\/\/ninahaeussle.at\/kraftsymbol\/wp-content\/uploads\/2022\/10\/Visitenkarte-Alexandra-Waibel02d.jpg\" class=\"attachment-full size-full wp-image-3423\" alt=\"\" srcset=\"https:\/\/ninahaeussle.at\/kraftsymbol\/wp-content\/uploads\/2022\/10\/Visitenkarte-Alexandra-Waibel02d.jpg 900w, https:\/\/ninahaeussle.at\/kraftsymbol\/wp-content\/uploads\/2022\/10\/Visitenkarte-Alexandra-Waibel02d-300x300.jpg 300w, https:\/\/ninahaeussle.at\/kraftsymbol\/wp-content\/uploads\/2022\/10\/Visitenkarte-Alexandra-Waibel02d-150x150.jpg 150w, https:\/\/ninahaeussle.at\/kraftsymbol\/wp-content\/uploads\/2022\/10\/Visitenkarte-Alexandra-Waibel02d-768x768.jpg 768w\" sizes=\"(max-width: 900px) 100vw, 900px\" \/>\t\t\t\t\t\t\t\t\t\t\t\t\t\t\t<\/div>\n\t\t\t\t<\/div>\n\t\t\t\t\t<\/div>\n\t\t<\/div>\n\t\t\t\t\t<\/div>\n\t\t<\/section>\n\t\t\t\t<section class=\"elementor-section elementor-top-section elementor-element elementor-element-50dda21 elementor-section-full_width elementor-section-stretched elementor-section-height-default elementor-section-height-default\" data-id=\"50dda21\" data-element_type=\"section\" data-e-type=\"section\" data-settings=\"{&quot;stretch_section&quot;:&quot;section-stretched&quot;}\">\n\t\t\t\t\t\t<div class=\"elementor-container elementor-column-gap-default\">\n\t\t\t\t\t<div class=\"elementor-column elementor-col-33 elementor-top-column elementor-element elementor-element-0f41d7f elementor-hidden-tablet elementor-hidden-mobile\" data-id=\"0f41d7f\" data-element_type=\"column\" data-e-type=\"column\">\n\t\t\t<div class=\"elementor-widget-wrap\">\n\t\t\t\t\t\t\t<\/div>\n\t\t<\/div>\n\t\t\t\t<div class=\"elementor-column elementor-col-33 elementor-top-column elementor-element elementor-element-384f9c9\" data-id=\"384f9c9\" data-element_type=\"column\" data-e-type=\"column\">\n\t\t\t<div class=\"elementor-widget-wrap elementor-element-populated\">\n\t\t\t\t\t\t<div class=\"elementor-element elementor-element-ca0a987 elementor-widget elementor-widget-image\" data-id=\"ca0a987\" data-element_type=\"widget\" data-e-type=\"widget\" data-widget_type=\"image.default\">\n\t\t\t\t<div class=\"elementor-widget-container\">\n\t\t\t\t\t\t\t\t\t\t\t\t\t\t\t<img decoding=\"async\" width=\"900\" height=\"900\" src=\"https:\/\/ninahaeussle.at\/kraftsymbol\/wp-content\/uploads\/2025\/12\/Visitenkarte-Alexandra-Waibel03e-essenz.jpg\" class=\"attachment-full size-full wp-image-5771\" alt=\"Visitenkarte Alexandra Waibel\" srcset=\"https:\/\/ninahaeussle.at\/kraftsymbol\/wp-content\/uploads\/2025\/12\/Visitenkarte-Alexandra-Waibel03e-essenz.jpg 900w, https:\/\/ninahaeussle.at\/kraftsymbol\/wp-content\/uploads\/2025\/12\/Visitenkarte-Alexandra-Waibel03e-essenz-300x300.jpg 300w, https:\/\/ninahaeussle.at\/kraftsymbol\/wp-content\/uploads\/2025\/12\/Visitenkarte-Alexandra-Waibel03e-essenz-150x150.jpg 150w, https:\/\/ninahaeussle.at\/kraftsymbol\/wp-content\/uploads\/2025\/12\/Visitenkarte-Alexandra-Waibel03e-essenz-768x768.jpg 768w\" sizes=\"(max-width: 900px) 100vw, 900px\" \/>\t\t\t\t\t\t\t\t\t\t\t\t\t\t\t<\/div>\n\t\t\t\t<\/div>\n\t\t\t\t\t<\/div>\n\t\t<\/div>\n\t\t\t\t<div class=\"elementor-column elementor-col-33 elementor-top-column elementor-element elementor-element-b98d31a elementor-hidden-tablet elementor-hidden-mobile\" data-id=\"b98d31a\" data-element_type=\"column\" data-e-type=\"column\">\n\t\t\t<div class=\"elementor-widget-wrap\">\n\t\t\t\t\t\t\t<\/div>\n\t\t<\/div>\n\t\t\t\t\t<\/div>\n\t\t<\/section>\n\t\t\t\t<section class=\"elementor-section elementor-top-section elementor-element elementor-element-3f9fddeb elementor-section-boxed elementor-section-height-default elementor-section-height-default\" data-id=\"3f9fddeb\" data-element_type=\"section\" data-e-type=\"section\">\n\t\t\t\t\t\t<div class=\"elementor-container elementor-column-gap-default\">\n\t\t\t\t\t<div class=\"elementor-column elementor-col-100 elementor-top-column elementor-element elementor-element-57182500\" data-id=\"57182500\" data-element_type=\"column\" data-e-type=\"column\">\n\t\t\t<div class=\"elementor-widget-wrap elementor-element-populated\">\n\t\t\t\t\t\t<div class=\"elementor-element elementor-element-3559b4c elementor-align-left elementor-mobile-align-center elementor-widget__width-auto elementor-widget-mobile__width-inherit elementor-widget elementor-widget-global elementor-global-3273 elementor-widget-button\" data-id=\"3559b4c\" data-element_type=\"widget\" data-e-type=\"widget\" data-widget_type=\"button.default\">\n\t\t\t\t<div class=\"elementor-widget-container\">\n\t\t\t\t\t\t\t\t\t<div class=\"elementor-button-wrapper\">\n\t\t\t\t\t<a class=\"elementor-button elementor-button-link elementor-size-sm\" href=\"https:\/\/ninahaeussle.at\/kraftsymbol\/#aktuelle-projekte\">\n\t\t\t\t\t\t<span class=\"elementor-button-content-wrapper\">\n\t\t\t\t\t\t\t\t\t<span class=\"elementor-button-text\">zur\u00fcck zur \u00dcbersicht<\/span>\n\t\t\t\t\t<\/span>\n\t\t\t\t\t<\/a>\n\t\t\t\t<\/div>\n\t\t\t\t\t\t\t\t<\/div>\n\t\t\t\t<\/div>\n\t\t\t\t<div class=\"elementor-element elementor-element-2742e7b elementor-align-right elementor-mobile-align-center elementor-widget__width-auto elementor-widget-mobile__width-inherit elementor-widget elementor-widget-global elementor-global-3276 elementor-widget-button\" data-id=\"2742e7b\" data-element_type=\"widget\" data-e-type=\"widget\" data-widget_type=\"button.default\">\n\t\t\t\t<div class=\"elementor-widget-container\">\n\t\t\t\t\t\t\t\t\t<div class=\"elementor-button-wrapper\">\n\t\t\t\t\t<a class=\"elementor-button elementor-button-link elementor-size-sm\" href=\"https:\/\/ninahaeussle.at\/kraftsymbol\/#kontakt\">\n\t\t\t\t\t\t<span class=\"elementor-button-content-wrapper\">\n\t\t\t\t\t\t\t\t\t<span class=\"elementor-button-text\">Kontakt aufnehmen<\/span>\n\t\t\t\t\t<\/span>\n\t\t\t\t\t<\/a>\n\t\t\t\t<\/div>\n\t\t\t\t\t\t\t\t<\/div>\n\t\t\t\t<\/div>\n\t\t\t\t\t<\/div>\n\t\t<\/div>\n\t\t\t\t\t<\/div>\n\t\t<\/section>\n\t\t\t\t<\/div>\n\t\t","protected":false},"excerpt":{"rendered":"<p>Alexandra Waibel\u200b Erscheinungsbild: Logo &amp; Visitenkarte Kunde: Alexandra Waibel, Wohlf\u00fchlmassage &#8211; Geborgen in deinem Sein.Methode: VenusLicht Massage f\u00fcr Frauen Erscheinungsbild: Logo &amp; Visitenkarte Kunde: Alexandra Waibel, Wohlf\u00fchlmassage &#8211; Geborgen in deinem Sein.Methode: VenusLicht Massage f\u00fcr Frauen zur\u00fcck zur \u00dcbersicht Kontakt aufnehmen<\/p>\n","protected":false},"author":1,"featured_media":0,"parent":0,"menu_order":0,"comment_status":"closed","ping_status":"closed","template":"elementor_header_footer","meta":{"footnotes":""},"class_list":["post-2210","page","type-page","status-publish","hentry"],"yoast_head":"<!-- This site is optimized with the Yoast SEO plugin v26.9 - https:\/\/yoast.com\/product\/yoast-seo-wordpress\/ -->\n<title>Nina H\u00e4u\u00dfle Grafik | Dein Kraftsymbol - Logo Wohlf\u00fchlmassage<\/title>\n<meta name=\"description\" content=\"Individuelles Kraftsymbol: Visitenkarte und Logo f\u00fcr Alexandra Waibel - Wohlf\u00fchlmassage\" \/>\n<meta name=\"robots\" content=\"noindex, follow, max-snippet:-1, max-image-preview:large, max-video-preview:-1\" \/>\n<meta property=\"og:locale\" content=\"de_DE\" \/>\n<meta property=\"og:type\" content=\"article\" \/>\n<meta property=\"og:title\" content=\"Nina H\u00e4u\u00dfle Grafik | Dein Kraftsymbol - Logo Wohlf\u00fchlmassage\" \/>\n<meta property=\"og:description\" content=\"Individuelles Kraftsymbol: Visitenkarte und Logo f\u00fcr Alexandra Waibel - Wohlf\u00fchlmassage\" \/>\n<meta property=\"og:url\" content=\"https:\/\/ninahaeussle.at\/kraftsymbol\/logo-alexandra-waibel-wohlfuehlmassage\/\" \/>\n<meta property=\"og:site_name\" content=\"Nina H\u00e4u\u00dfle Grafik | Dein Kraftsymbol\" \/>\n<meta property=\"article:modified_time\" content=\"2025-12-30T05:37:00+00:00\" \/>\n<meta property=\"og:image\" content=\"https:\/\/ninahaeussle.at\/kraftsymbol\/wp-content\/uploads\/2025\/12\/Visitenkarte-Alexandra-Waibel01f.jpg\" \/>\n\t<meta property=\"og:image:width\" content=\"1300\" \/>\n\t<meta property=\"og:image:height\" content=\"900\" \/>\n\t<meta property=\"og:image:type\" content=\"image\/jpeg\" \/>\n<meta name=\"twitter:card\" content=\"summary_large_image\" \/>\n<meta name=\"twitter:label1\" content=\"Gesch\u00e4tzte Lesezeit\" \/>\n\t<meta name=\"twitter:data1\" content=\"1\u00a0Minute\" \/>\n<script type=\"application\/ld+json\" class=\"yoast-schema-graph\">{\"@context\":\"https:\/\/schema.org\",\"@graph\":[{\"@type\":\"WebPage\",\"@id\":\"https:\/\/ninahaeussle.at\/kraftsymbol\/logo-alexandra-waibel-wohlfuehlmassage\/\",\"url\":\"https:\/\/ninahaeussle.at\/kraftsymbol\/logo-alexandra-waibel-wohlfuehlmassage\/\",\"name\":\"Nina H\u00e4u\u00dfle Grafik | Dein Kraftsymbol - Logo Wohlf\u00fchlmassage\",\"isPartOf\":{\"@id\":\"https:\/\/ninahaeussle.at\/kraftsymbol\/#website\"},\"primaryImageOfPage\":{\"@id\":\"https:\/\/ninahaeussle.at\/kraftsymbol\/logo-alexandra-waibel-wohlfuehlmassage\/#primaryimage\"},\"image\":{\"@id\":\"https:\/\/ninahaeussle.at\/kraftsymbol\/logo-alexandra-waibel-wohlfuehlmassage\/#primaryimage\"},\"thumbnailUrl\":\"https:\/\/ninahaeussle.at\/kraftsymbol\/wp-content\/uploads\/2025\/12\/Visitenkarte-Alexandra-Waibel01f.jpg\",\"datePublished\":\"2022-09-02T12:49:40+00:00\",\"dateModified\":\"2025-12-30T05:37:00+00:00\",\"description\":\"Individuelles Kraftsymbol: Visitenkarte und Logo f\u00fcr Alexandra Waibel - Wohlf\u00fchlmassage\",\"breadcrumb\":{\"@id\":\"https:\/\/ninahaeussle.at\/kraftsymbol\/logo-alexandra-waibel-wohlfuehlmassage\/#breadcrumb\"},\"inLanguage\":\"de\",\"potentialAction\":[{\"@type\":\"ReadAction\",\"target\":[\"https:\/\/ninahaeussle.at\/kraftsymbol\/logo-alexandra-waibel-wohlfuehlmassage\/\"]}]},{\"@type\":\"ImageObject\",\"inLanguage\":\"de\",\"@id\":\"https:\/\/ninahaeussle.at\/kraftsymbol\/logo-alexandra-waibel-wohlfuehlmassage\/#primaryimage\",\"url\":\"https:\/\/ninahaeussle.at\/kraftsymbol\/wp-content\/uploads\/2025\/12\/Visitenkarte-Alexandra-Waibel01f.jpg\",\"contentUrl\":\"https:\/\/ninahaeussle.at\/kraftsymbol\/wp-content\/uploads\/2025\/12\/Visitenkarte-Alexandra-Waibel01f.jpg\",\"width\":1300,\"height\":900},{\"@type\":\"BreadcrumbList\",\"@id\":\"https:\/\/ninahaeussle.at\/kraftsymbol\/logo-alexandra-waibel-wohlfuehlmassage\/#breadcrumb\",\"itemListElement\":[{\"@type\":\"ListItem\",\"position\":1,\"name\":\"Startseite\",\"item\":\"https:\/\/ninahaeussle.at\/kraftsymbol\/\"},{\"@type\":\"ListItem\",\"position\":2,\"name\":\"Logo Alexandra Waibel Wohlf\u00fchlmassage\"}]},{\"@type\":\"WebSite\",\"@id\":\"https:\/\/ninahaeussle.at\/kraftsymbol\/#website\",\"url\":\"https:\/\/ninahaeussle.at\/kraftsymbol\/\",\"name\":\"Nina H\u00e4u\u00dfle Grafik | Dein Kraftsymbol\",\"description\":\"Dein Logo. Dein Kraftsymbol. Deine Mission.\",\"publisher\":{\"@id\":\"https:\/\/ninahaeussle.at\/kraftsymbol\/#organization\"},\"potentialAction\":[{\"@type\":\"SearchAction\",\"target\":{\"@type\":\"EntryPoint\",\"urlTemplate\":\"https:\/\/ninahaeussle.at\/kraftsymbol\/?s={search_term_string}\"},\"query-input\":{\"@type\":\"PropertyValueSpecification\",\"valueRequired\":true,\"valueName\":\"search_term_string\"}}],\"inLanguage\":\"de\"},{\"@type\":\"Organization\",\"@id\":\"https:\/\/ninahaeussle.at\/kraftsymbol\/#organization\",\"name\":\"Grafik in Ko-Kreation\",\"url\":\"https:\/\/ninahaeussle.at\/kraftsymbol\/\",\"logo\":{\"@type\":\"ImageObject\",\"inLanguage\":\"de\",\"@id\":\"https:\/\/ninahaeussle.at\/kraftsymbol\/#\/schema\/logo\/image\/\",\"url\":\"https:\/\/ninahaeussle.at\/kraftsymbol\/wp-content\/uploads\/2022\/05\/Logo-Grafik-in-Ko-Kreation-web.png\",\"contentUrl\":\"https:\/\/ninahaeussle.at\/kraftsymbol\/wp-content\/uploads\/2022\/05\/Logo-Grafik-in-Ko-Kreation-web.png\",\"width\":612,\"height\":294,\"caption\":\"Grafik in Ko-Kreation\"},\"image\":{\"@id\":\"https:\/\/ninahaeussle.at\/kraftsymbol\/#\/schema\/logo\/image\/\"}}]}<\/script>\n<!-- \/ Yoast SEO plugin. -->","yoast_head_json":{"title":"Nina H\u00e4u\u00dfle Grafik | Dein Kraftsymbol - Logo Wohlf\u00fchlmassage","description":"Individuelles Kraftsymbol: Visitenkarte und Logo f\u00fcr Alexandra Waibel - Wohlf\u00fchlmassage","robots":{"index":"noindex","follow":"follow","max-snippet":"max-snippet:-1","max-image-preview":"max-image-preview:large","max-video-preview":"max-video-preview:-1"},"og_locale":"de_DE","og_type":"article","og_title":"Nina H\u00e4u\u00dfle Grafik | Dein Kraftsymbol - Logo Wohlf\u00fchlmassage","og_description":"Individuelles Kraftsymbol: Visitenkarte und Logo f\u00fcr Alexandra Waibel - Wohlf\u00fchlmassage","og_url":"https:\/\/ninahaeussle.at\/kraftsymbol\/logo-alexandra-waibel-wohlfuehlmassage\/","og_site_name":"Nina H\u00e4u\u00dfle Grafik | Dein Kraftsymbol","article_modified_time":"2025-12-30T05:37:00+00:00","og_image":[{"width":1300,"height":900,"url":"https:\/\/ninahaeussle.at\/kraftsymbol\/wp-content\/uploads\/2025\/12\/Visitenkarte-Alexandra-Waibel01f.jpg","type":"image\/jpeg"}],"twitter_card":"summary_large_image","twitter_misc":{"Gesch\u00e4tzte Lesezeit":"1\u00a0Minute"},"schema":{"@context":"https:\/\/schema.org","@graph":[{"@type":"WebPage","@id":"https:\/\/ninahaeussle.at\/kraftsymbol\/logo-alexandra-waibel-wohlfuehlmassage\/","url":"https:\/\/ninahaeussle.at\/kraftsymbol\/logo-alexandra-waibel-wohlfuehlmassage\/","name":"Nina H\u00e4u\u00dfle Grafik | Dein Kraftsymbol - Logo Wohlf\u00fchlmassage","isPartOf":{"@id":"https:\/\/ninahaeussle.at\/kraftsymbol\/#website"},"primaryImageOfPage":{"@id":"https:\/\/ninahaeussle.at\/kraftsymbol\/logo-alexandra-waibel-wohlfuehlmassage\/#primaryimage"},"image":{"@id":"https:\/\/ninahaeussle.at\/kraftsymbol\/logo-alexandra-waibel-wohlfuehlmassage\/#primaryimage"},"thumbnailUrl":"https:\/\/ninahaeussle.at\/kraftsymbol\/wp-content\/uploads\/2025\/12\/Visitenkarte-Alexandra-Waibel01f.jpg","datePublished":"2022-09-02T12:49:40+00:00","dateModified":"2025-12-30T05:37:00+00:00","description":"Individuelles Kraftsymbol: Visitenkarte und Logo f\u00fcr Alexandra Waibel - Wohlf\u00fchlmassage","breadcrumb":{"@id":"https:\/\/ninahaeussle.at\/kraftsymbol\/logo-alexandra-waibel-wohlfuehlmassage\/#breadcrumb"},"inLanguage":"de","potentialAction":[{"@type":"ReadAction","target":["https:\/\/ninahaeussle.at\/kraftsymbol\/logo-alexandra-waibel-wohlfuehlmassage\/"]}]},{"@type":"ImageObject","inLanguage":"de","@id":"https:\/\/ninahaeussle.at\/kraftsymbol\/logo-alexandra-waibel-wohlfuehlmassage\/#primaryimage","url":"https:\/\/ninahaeussle.at\/kraftsymbol\/wp-content\/uploads\/2025\/12\/Visitenkarte-Alexandra-Waibel01f.jpg","contentUrl":"https:\/\/ninahaeussle.at\/kraftsymbol\/wp-content\/uploads\/2025\/12\/Visitenkarte-Alexandra-Waibel01f.jpg","width":1300,"height":900},{"@type":"BreadcrumbList","@id":"https:\/\/ninahaeussle.at\/kraftsymbol\/logo-alexandra-waibel-wohlfuehlmassage\/#breadcrumb","itemListElement":[{"@type":"ListItem","position":1,"name":"Startseite","item":"https:\/\/ninahaeussle.at\/kraftsymbol\/"},{"@type":"ListItem","position":2,"name":"Logo Alexandra Waibel Wohlf\u00fchlmassage"}]},{"@type":"WebSite","@id":"https:\/\/ninahaeussle.at\/kraftsymbol\/#website","url":"https:\/\/ninahaeussle.at\/kraftsymbol\/","name":"Nina H\u00e4u\u00dfle Grafik | Dein Kraftsymbol","description":"Dein Logo. Dein Kraftsymbol. Deine Mission.","publisher":{"@id":"https:\/\/ninahaeussle.at\/kraftsymbol\/#organization"},"potentialAction":[{"@type":"SearchAction","target":{"@type":"EntryPoint","urlTemplate":"https:\/\/ninahaeussle.at\/kraftsymbol\/?s={search_term_string}"},"query-input":{"@type":"PropertyValueSpecification","valueRequired":true,"valueName":"search_term_string"}}],"inLanguage":"de"},{"@type":"Organization","@id":"https:\/\/ninahaeussle.at\/kraftsymbol\/#organization","name":"Grafik in Ko-Kreation","url":"https:\/\/ninahaeussle.at\/kraftsymbol\/","logo":{"@type":"ImageObject","inLanguage":"de","@id":"https:\/\/ninahaeussle.at\/kraftsymbol\/#\/schema\/logo\/image\/","url":"https:\/\/ninahaeussle.at\/kraftsymbol\/wp-content\/uploads\/2022\/05\/Logo-Grafik-in-Ko-Kreation-web.png","contentUrl":"https:\/\/ninahaeussle.at\/kraftsymbol\/wp-content\/uploads\/2022\/05\/Logo-Grafik-in-Ko-Kreation-web.png","width":612,"height":294,"caption":"Grafik in Ko-Kreation"},"image":{"@id":"https:\/\/ninahaeussle.at\/kraftsymbol\/#\/schema\/logo\/image\/"}}]}},"_links":{"self":[{"href":"https:\/\/ninahaeussle.at\/kraftsymbol\/wp-json\/wp\/v2\/pages\/2210","targetHints":{"allow":["GET"]}}],"collection":[{"href":"https:\/\/ninahaeussle.at\/kraftsymbol\/wp-json\/wp\/v2\/pages"}],"about":[{"href":"https:\/\/ninahaeussle.at\/kraftsymbol\/wp-json\/wp\/v2\/types\/page"}],"author":[{"embeddable":true,"href":"https:\/\/ninahaeussle.at\/kraftsymbol\/wp-json\/wp\/v2\/users\/1"}],"replies":[{"embeddable":true,"href":"https:\/\/ninahaeussle.at\/kraftsymbol\/wp-json\/wp\/v2\/comments?post=2210"}],"version-history":[{"count":12,"href":"https:\/\/ninahaeussle.at\/kraftsymbol\/wp-json\/wp\/v2\/pages\/2210\/revisions"}],"predecessor-version":[{"id":5836,"href":"https:\/\/ninahaeussle.at\/kraftsymbol\/wp-json\/wp\/v2\/pages\/2210\/revisions\/5836"}],"wp:attachment":[{"href":"https:\/\/ninahaeussle.at\/kraftsymbol\/wp-json\/wp\/v2\/media?parent=2210"}],"curies":[{"name":"wp","href":"https:\/\/api.w.org\/{rel}","templated":true}]}}