{"id":1682,"date":"2022-08-28T16:54:03","date_gmt":"2022-08-28T16:54:03","guid":{"rendered":"https:\/\/grafikinkokreation.at\/test\/?page_id=1682"},"modified":"2022-10-24T09:00:36","modified_gmt":"2022-10-24T09:00:36","slug":"datenschutz","status":"publish","type":"page","link":"https:\/\/ninahaeussle.at\/kraftsymbol\/datenschutz\/","title":{"rendered":"Datenschutz"},"content":{"rendered":"\t\t<div data-elementor-type=\"wp-page\" data-elementor-id=\"1682\" class=\"elementor elementor-1682\" data-elementor-post-type=\"page\">\n\t\t\t\t\t\t<section class=\"elementor-section elementor-top-section elementor-element elementor-element-7ac8a7b elementor-section-boxed elementor-section-height-default elementor-section-height-default\" data-id=\"7ac8a7b\" data-element_type=\"section\" data-e-type=\"section\" id=\"top\" data-settings=\"{&quot;background_background&quot;:&quot;classic&quot;}\">\n\t\t\t\t\t\t<div class=\"elementor-container elementor-column-gap-default\">\n\t\t\t\t\t<div class=\"elementor-column elementor-col-100 elementor-top-column elementor-element elementor-element-73a53f5\" data-id=\"73a53f5\" data-element_type=\"column\" data-e-type=\"column\">\n\t\t\t<div class=\"elementor-widget-wrap elementor-element-populated\">\n\t\t\t\t\t\t<div class=\"elementor-element elementor-element-1644063 e-transform elementor-widget elementor-widget-heading\" data-id=\"1644063\" data-element_type=\"widget\" data-e-type=\"widget\" data-settings=\"{&quot;_transform_rotateZ_effect&quot;:{&quot;unit&quot;:&quot;px&quot;,&quot;size&quot;:-5,&quot;sizes&quot;:[]},&quot;_transform_rotateZ_effect_laptop&quot;:{&quot;unit&quot;:&quot;deg&quot;,&quot;size&quot;:&quot;&quot;,&quot;sizes&quot;:[]},&quot;_transform_rotateZ_effect_tablet&quot;:{&quot;unit&quot;:&quot;deg&quot;,&quot;size&quot;:&quot;&quot;,&quot;sizes&quot;:[]},&quot;_transform_rotateZ_effect_mobile&quot;:{&quot;unit&quot;:&quot;deg&quot;,&quot;size&quot;:&quot;&quot;,&quot;sizes&quot;:[]}}\" data-widget_type=\"heading.default\">\n\t\t\t\t<div class=\"elementor-widget-container\">\n\t\t\t\t\t<h1 class=\"elementor-heading-title elementor-size-default\">Datenschutz<\/h1>\t\t\t\t<\/div>\n\t\t\t\t<\/div>\n\t\t\t\t\t<\/div>\n\t\t<\/div>\n\t\t\t\t\t<\/div>\n\t\t<\/section>\n\t\t\t\t<section class=\"elementor-section elementor-top-section elementor-element elementor-element-565cf67b elementor-section-boxed elementor-section-height-default elementor-section-height-default\" data-id=\"565cf67b\" data-element_type=\"section\" data-e-type=\"section\">\n\t\t\t\t\t\t<div class=\"elementor-container elementor-column-gap-default\">\n\t\t\t\t\t<div class=\"elementor-column elementor-col-100 elementor-top-column elementor-element elementor-element-6fb1f744\" data-id=\"6fb1f744\" data-element_type=\"column\" data-e-type=\"column\">\n\t\t\t<div class=\"elementor-widget-wrap elementor-element-populated\">\n\t\t\t\t\t\t<div class=\"elementor-element elementor-element-50839ca7 elementor-widget elementor-widget-text-editor\" data-id=\"50839ca7\" data-element_type=\"widget\" data-e-type=\"widget\" data-widget_type=\"text-editor.default\">\n\t\t\t\t<div class=\"elementor-widget-container\">\n\t\t\t\t\t\t\t\t\t<p>Der Schutz Ihrer pers\u00f6nlichen Daten ist uns wichtig. Wir verarbeiten Ihre Daten ausschlie\u00dflich im Rahmen der relevanten gesetzlichen Bestimmungen (DSGVO, DSG 2000, TKG 2003). Nachfolgend informieren wir Sie \u00fcber die wichtigsten Aspekte der Datenverarbeitung im Rahmen unserer Website oder einer Gesch\u00e4ftsbeziehung. Bedenken Sie, dass die Daten\u00fcbertragung im Internet grunds\u00e4tzlich mit Sicherheitsl\u00fccken bedacht sein kann. Ein vollumf\u00e4nglicher Schutz vor dem Zugriff durch Fremde ist nicht realisierbar.<\/p>\t\t\t\t\t\t\t\t<\/div>\n\t\t\t\t<\/div>\n\t\t\t\t<div class=\"elementor-element elementor-element-fc440e3 elementor-widget elementor-widget-heading\" data-id=\"fc440e3\" data-element_type=\"widget\" data-e-type=\"widget\" data-widget_type=\"heading.default\">\n\t\t\t\t<div class=\"elementor-widget-container\">\n\t\t\t\t\t<h2 class=\"elementor-heading-title elementor-size-default\">Personenbezogene Daten<\/h2>\t\t\t\t<\/div>\n\t\t\t\t<\/div>\n\t\t\t\t<div class=\"elementor-element elementor-element-6c01bb61 elementor-widget elementor-widget-text-editor\" data-id=\"6c01bb61\" data-element_type=\"widget\" data-e-type=\"widget\" data-widget_type=\"text-editor.default\">\n\t\t\t\t<div class=\"elementor-widget-container\">\n\t\t\t\t\t\t\t\t\t<p>Wir verarbeiten jene personenbezogenen Daten, die wir im Rahmen einer Gesch\u00e4ftsbeziehung zum Zweck der Kommunikation von Ihnen erhalten. Wenn Sie \u00fcber die Website oder per E-Mail Kontakt mit uns aufnehmen, werden Ihre angegebenen Daten zwecks Bearbeitung der Anfrage und f\u00fcr den Fall von weiteren Fragen oder Evidenzhaltung bei uns gespeichert. Diese Daten geben wir nicht ohne Ihre Einwilligung an Dritte weiter.<\/p>\t\t\t\t\t\t\t\t<\/div>\n\t\t\t\t<\/div>\n\t\t\t\t<div class=\"elementor-element elementor-element-2e893cb8 elementor-widget elementor-widget-heading\" data-id=\"2e893cb8\" data-element_type=\"widget\" data-e-type=\"widget\" data-widget_type=\"heading.default\">\n\t\t\t\t<div class=\"elementor-widget-container\">\n\t\t\t\t\t<h2 class=\"elementor-heading-title elementor-size-default\">Datenweitergabe und Auftragsverarbeiter<\/h2>\t\t\t\t<\/div>\n\t\t\t\t<\/div>\n\t\t\t\t<div class=\"elementor-element elementor-element-9c93886 elementor-widget elementor-widget-text-editor\" data-id=\"9c93886\" data-element_type=\"widget\" data-e-type=\"widget\" data-widget_type=\"text-editor.default\">\n\t\t\t\t<div class=\"elementor-widget-container\">\n\t\t\t\t\t\t\t\t\t<p>Eine Daten\u00fcbermittlung an Dritte erfolgt nicht, es sei denn dies ist zur Vertragserf\u00fcllung erforderlich. Sollte eine gesetzliche Verpflichtung vorliegen, werden Ihre Daten auch \u00f6ffentlichen Stellen und Institutionen (z.B. Finanzbeh\u00f6rden, Versicherungsanstalten, \u2026) weitergegeben.<\/p>\t\t\t\t\t\t\t\t<\/div>\n\t\t\t\t<\/div>\n\t\t\t\t<div class=\"elementor-element elementor-element-10a46616 elementor-widget elementor-widget-heading\" data-id=\"10a46616\" data-element_type=\"widget\" data-e-type=\"widget\" data-widget_type=\"heading.default\">\n\t\t\t\t<div class=\"elementor-widget-container\">\n\t\t\t\t\t<h2 class=\"elementor-heading-title elementor-size-default\">Auskunft, Richtigstellung und L\u00f6schung<\/h2>\t\t\t\t<\/div>\n\t\t\t\t<\/div>\n\t\t\t\t<div class=\"elementor-element elementor-element-781696b9 elementor-widget elementor-widget-text-editor\" data-id=\"781696b9\" data-element_type=\"widget\" data-e-type=\"widget\" data-widget_type=\"text-editor.default\">\n\t\t\t\t<div class=\"elementor-widget-container\">\n\t\t\t\t\t\t\t\t\tAuf Anforderung teilen wir Ihnen mit, ob und welche pers\u00f6nlichen Daten \u00fcber Sie bei uns gespeichert sind. Sollten trotz unserer Bem\u00fchungen um Datenrichtigkeit und Aktualit\u00e4t falsche Informationen gespeichert sein, werden wir diese auf Ihre Anforderung hin berichtigen. Ihnen stehen grunds\u00e4tzlich die Rechte auf Auskunft, Berichtigung, L\u00f6schung, Einschr\u00e4nkung, Daten\u00fcbertragbarkeit, Widerruf und Widerspruch Ihrer gespeicherten Daten unter den Voraussetzungen des geltenden Datenschutzgesetzes zu. Wenn Sie glauben, dass die Verarbeitung Ihrer Daten gegen das Datenschutzrecht verst\u00f6\u00dft oder Ihre datenschutzrechtlichen Anspr\u00fcche sonst in einer Weise verletzt worden sind, k\u00f6nnen Sie sich bei der Aufsichtsbeh\u00f6rde beschweren. In \u00d6sterreich ist dies die Datenschutzbeh\u00f6rde: www.dsb.gv.at\t\t\t\t\t\t\t\t<\/div>\n\t\t\t\t<\/div>\n\t\t\t\t<div class=\"elementor-element elementor-element-1f707cd elementor-widget elementor-widget-heading\" data-id=\"1f707cd\" data-element_type=\"widget\" data-e-type=\"widget\" data-widget_type=\"heading.default\">\n\t\t\t\t<div class=\"elementor-widget-container\">\n\t\t\t\t\t<h2 class=\"elementor-heading-title elementor-size-default\">Auskunftsrecht<\/h2>\t\t\t\t<\/div>\n\t\t\t\t<\/div>\n\t\t\t\t<div class=\"elementor-element elementor-element-2a15d374 elementor-widget elementor-widget-text-editor\" data-id=\"2a15d374\" data-element_type=\"widget\" data-e-type=\"widget\" data-widget_type=\"text-editor.default\">\n\t\t\t\t<div class=\"elementor-widget-container\">\n\t\t\t\t\t\t\t\t\tAuf Ihr Verlangen teilen wir Ihnen gerne kostenlos mit, ob und welche personenbezogenen Daten zu Ihrer Person gespeichert sind sowie verarbeitet werden. Unrichtige Daten werden von uns nach Kenntnis berichtigt.\n\n\t\t\t\t\t\t\t\t<\/div>\n\t\t\t\t<\/div>\n\t\t\t\t<div class=\"elementor-element elementor-element-c664643 elementor-widget elementor-widget-heading\" data-id=\"c664643\" data-element_type=\"widget\" data-e-type=\"widget\" data-widget_type=\"heading.default\">\n\t\t\t\t<div class=\"elementor-widget-container\">\n\t\t\t\t\t<h2 class=\"elementor-heading-title elementor-size-default\">SSL-Verschl\u00fcsselung<\/h2>\t\t\t\t<\/div>\n\t\t\t\t<\/div>\n\t\t\t\t<div class=\"elementor-element elementor-element-1304393b elementor-widget elementor-widget-text-editor\" data-id=\"1304393b\" data-element_type=\"widget\" data-e-type=\"widget\" data-widget_type=\"text-editor.default\">\n\t\t\t\t<div class=\"elementor-widget-container\">\n\t\t\t\t\t\t\t\t\t<p>Aus Sicherheitsgr\u00fcnden nutzen wir auf unserer Website ein SSL-Zertifikat was Sie in der Adresszeile des Browsers am Zusatz \u201ehttps:\/\/\u201c, einer gr\u00fcnen Adressleiste, dem Begriff \u201eSicher\u201c, einem \u201eSchlosssymbol\u201c oder \u00e4hnlichem erkennen k\u00f6nnen. Dadurch wird die Sicherheit bei der \u00dcbermittlung von Daten \u00fcber Formulare deutlich erh\u00f6ht.<\/p>\t\t\t\t\t\t\t\t<\/div>\n\t\t\t\t<\/div>\n\t\t\t\t<div class=\"elementor-element elementor-element-4a1bebe1 elementor-widget elementor-widget-heading\" data-id=\"4a1bebe1\" data-element_type=\"widget\" data-e-type=\"widget\" data-widget_type=\"heading.default\">\n\t\t\t\t<div class=\"elementor-widget-container\">\n\t\t\t\t\t<h2 class=\"elementor-heading-title elementor-size-default\">Matomo Websiteanalyse<\/h2>\t\t\t\t<\/div>\n\t\t\t\t<\/div>\n\t\t\t\t<div class=\"elementor-element elementor-element-4859944a elementor-widget elementor-widget-text-editor\" data-id=\"4859944a\" data-element_type=\"widget\" data-e-type=\"widget\" data-widget_type=\"text-editor.default\">\n\t\t\t\t<div class=\"elementor-widget-container\">\n\t\t\t\t\t\t\t\t\t<p>Sie haben die M\u00f6glichkeit zu verhindern, dass von Ihnen hier get\u00e4tigte Aktionen analysiert und verkn\u00fcpft werden. Dies wird Ihre Privatsph\u00e4re sch\u00fctzen, aber wird auch den Besitzer daran hindern, aus Ihren Aktionen zu lernen und die Bedienbarkeit f\u00fcr Sie und andere Benutzer zu verbessern.<\/p><p id=\"matomo_opted_out_intro\" style=\"display:none;\">Opt-out complete; your visits to this website will not be recorded by the Web Analytics tool. Note that if you clear your cookies, delete the opt-out cookie, or if you change computers or Web browsers, you will need to perform the opt-out procedure again.<\/p><p id=\"matomo_opted_in_intro\" >You may choose to prevent this website from aggregating and analyzing the actions you take here. Doing so will protect your privacy, but will also prevent the owner from learning from your actions and creating a better experience for you and other users.<\/p><form>\n        <input type=\"checkbox\" id=\"matomo_optout_checkbox\" checked=\"checked\"\/>\n        <label for=\"matomo_optout_checkbox\"><strong>\n        <span id=\"matomo_opted_in_label\" >You are not opted out. Uncheck this box to opt-out.<\/span>\n\t\t<span id=\"matomo_opted_out_label\" style=\"display:none;\">You are currently opted out. Check this box to opt-in.<\/span>\n        <\/strong><\/label><\/form><noscript><p><strong style=\"color: #ff0000;\">This opt out feature requires JavaScript.<\/strong><\/p><\/noscript><p id=\"matomo_outout_err_cookies\" style=\"display: none;\"><strong>The tracking opt-out feature requires cookies to be enabled.<\/strong><\/p>\t\t\t\t\t\t\t\t<\/div>\n\t\t\t\t<\/div>\n\t\t\t\t<div class=\"elementor-element elementor-element-12e9ef47 elementor-widget elementor-widget-heading\" data-id=\"12e9ef47\" data-element_type=\"widget\" data-e-type=\"widget\" data-widget_type=\"heading.default\">\n\t\t\t\t<div class=\"elementor-widget-container\">\n\t\t\t\t\t<h2 class=\"elementor-heading-title elementor-size-default\">Zugriffsdaten<\/h2>\t\t\t\t<\/div>\n\t\t\t\t<\/div>\n\t\t\t\t<div class=\"elementor-element elementor-element-b081cfc elementor-widget elementor-widget-text-editor\" data-id=\"b081cfc\" data-element_type=\"widget\" data-e-type=\"widget\" data-widget_type=\"text-editor.default\">\n\t\t\t\t<div class=\"elementor-widget-container\">\n\t\t\t\t\t\t\t\t\t<p>Der Provider erhebt Daten \u00fcber jeden Zugriff auf diese Website in Form von \u201eServer-Logfiles\u201c. Diese beinhalten die Adresse (URL) der aufgerufenen Seite, Datum und Uhrzeit des Aufrufes, \u00fcbertragene Datenmenge, verwendetes Betriebssystem und Browserprogramm sowie die IP-Adresse, \u00fcber die der Zugriff erfolgt. Die Protokolldaten werden nur f\u00fcr statistische Auswertungen, zum Zweck der Optimierung des Angebotes sowie zur Fehlersuche herangezogen. Der Provider beh\u00e4lt sich allerdings vor, die Server-Logfiles nachtr\u00e4glich zu \u00fcberpr\u00fcfen, sollten konkrete Anhaltspunkte auf eine rechtswidrige Nutzung hinweisen.<\/p>\t\t\t\t\t\t\t\t<\/div>\n\t\t\t\t<\/div>\n\t\t\t\t<div class=\"elementor-element elementor-element-1eee243e elementor-widget elementor-widget-heading\" data-id=\"1eee243e\" data-element_type=\"widget\" data-e-type=\"widget\" data-widget_type=\"heading.default\">\n\t\t\t\t<div class=\"elementor-widget-container\">\n\t\t\t\t\t<h2 class=\"elementor-heading-title elementor-size-default\">Adobe Fonts<\/h2>\t\t\t\t<\/div>\n\t\t\t\t<\/div>\n\t\t\t\t<div class=\"elementor-element elementor-element-afbffba elementor-widget elementor-widget-text-editor\" data-id=\"afbffba\" data-element_type=\"widget\" data-e-type=\"widget\" data-widget_type=\"text-editor.default\">\n\t\t\t\t<div class=\"elementor-widget-container\">\n\t\t\t\t\t\t\t\t\t<p>Diese Website nutzt zur einheitlichen Darstellung bestimmter Schriftarten Web Fonts von Adobe. Anbieter ist die Adobe Systems Incorporated, 345 Park Avenue, San Jose, CA 95110-2704, USA (Adobe).<\/p><p>Beim Aufruf dieser Website l\u00e4dt Ihr Browser die ben\u00f6tigten Schriftarten direkt von Adobe, um sie Ihrem Endger\u00e4t korrekt anzeigen zu k\u00f6nnen. Dabei stellt Ihr Browser eine Verbindung zu den Servern von Adobe in den USA her. Hierdurch erlangt Adobe Kenntnis dar\u00fcber, dass \u00fcber Ihre IP-Adresse diese Website aufgerufen wurde. Bei der Bereitstellung der Schriftarten werden nach Aussage von Adobe keine Cookies gespeichert.\u00a0Adobe verf\u00fcgt \u00fcber eine Zertifizierung nach dem EU-US-Privacy-Shield.<\/p><p><span style=\"color: var( --e-global-color-text ); font-family: var( --e-global-typography-text-font-family ), Sans-serif; font-size: var( --e-global-typography-text-font-size ); font-weight: var( --e-global-typography-text-font-weight );\">Die Daten\u00fcbertragung in die USA wird auf die Standardvertragsklauseln der EU-Kommission gest\u00fctzt. Details finden Sie hier:\u00a0<\/span><a style=\"font-family: var( --e-global-typography-text-font-family ), Sans-serif; font-size: var( --e-global-typography-text-font-size ); font-weight: var( --e-global-typography-text-font-weight ); background-color: #ffffff;\" href=\"https:\/\/www.adobe.com\/de\/privacy\/eudatatransfers.html\" target=\"_blank\" rel=\"noreferrer noopener\">https:\/\/www.adobe.com\/de\/privacy\/eudatatransfers.html<\/a><span style=\"color: var( --e-global-color-text ); font-family: var( --e-global-typography-text-font-family ), Sans-serif; font-size: var( --e-global-typography-text-font-size ); font-weight: var( --e-global-typography-text-font-weight );\">.<\/span><\/p><p>N\u00e4here Informationen zu Adobe Fonts erhalten Sie unter:\u00a0<a href=\"https:\/\/www.adobe.com\/de\/privacy\/policies\/adobe-fonts.html\" target=\"_blank\" rel=\"noreferrer noopener\">https:\/\/www.adobe.com\/de\/privacy\/policies\/adobe-fonts.html<\/a>.<\/p><p>Die Datenschutzerkl\u00e4rung von Adobe finden Sie unter:\u00a0<a href=\"https:\/\/www.adobe.com\/de\/privacy\/policy.html\" target=\"_blank\" rel=\"noreferrer noopener\">https:\/\/www.adobe.com\/de\/privacy\/policy.html<\/a><\/p>\t\t\t\t\t\t\t\t<\/div>\n\t\t\t\t<\/div>\n\t\t\t\t\t<\/div>\n\t\t<\/div>\n\t\t\t\t\t<\/div>\n\t\t<\/section>\n\t\t\t\t<\/div>\n\t\t","protected":false},"excerpt":{"rendered":"<p>Datenschutz Der Schutz Ihrer pers\u00f6nlichen Daten ist uns wichtig. Wir verarbeiten Ihre Daten ausschlie\u00dflich im Rahmen der relevanten gesetzlichen Bestimmungen (DSGVO, DSG 2000, TKG 2003). Nachfolgend informieren wir Sie \u00fcber die wichtigsten Aspekte der Datenverarbeitung im Rahmen unserer Website oder einer Gesch\u00e4ftsbeziehung. Bedenken Sie, dass die Daten\u00fcbertragung im Internet grunds\u00e4tzlich mit Sicherheitsl\u00fccken bedacht sein kann. [&hellip;]<\/p>\n","protected":false},"author":1,"featured_media":0,"parent":0,"menu_order":0,"comment_status":"closed","ping_status":"closed","template":"elementor_header_footer","meta":{"footnotes":""},"class_list":["post-1682","page","type-page","status-publish","hentry"],"yoast_head":"<!-- This site is optimized with the Yoast SEO plugin v26.9 - https:\/\/yoast.com\/product\/yoast-seo-wordpress\/ -->\n<title>Datenschutz - Nina H\u00e4u\u00dfle Grafik | Dein Kraftsymbol<\/title>\n<meta name=\"robots\" content=\"noindex, follow, max-snippet:-1, max-image-preview:large, max-video-preview:-1\" \/>\n<meta property=\"og:locale\" content=\"de_DE\" \/>\n<meta property=\"og:type\" content=\"article\" \/>\n<meta property=\"og:title\" content=\"Datenschutz - Nina H\u00e4u\u00dfle Grafik | Dein Kraftsymbol\" \/>\n<meta property=\"og:description\" content=\"Datenschutz Der Schutz Ihrer pers\u00f6nlichen Daten ist uns wichtig. Wir verarbeiten Ihre Daten ausschlie\u00dflich im Rahmen der relevanten gesetzlichen Bestimmungen (DSGVO, DSG 2000, TKG 2003). Nachfolgend informieren wir Sie \u00fcber die wichtigsten Aspekte der Datenverarbeitung im Rahmen unserer Website oder einer Gesch\u00e4ftsbeziehung. Bedenken Sie, dass die Daten\u00fcbertragung im Internet grunds\u00e4tzlich mit Sicherheitsl\u00fccken bedacht sein kann. [&hellip;]\" \/>\n<meta property=\"og:url\" content=\"https:\/\/ninahaeussle.at\/kraftsymbol\/datenschutz\/\" \/>\n<meta property=\"og:site_name\" content=\"Nina H\u00e4u\u00dfle Grafik | Dein Kraftsymbol\" \/>\n<meta property=\"article:modified_time\" content=\"2022-10-24T09:00:36+00:00\" \/>\n<meta name=\"twitter:card\" content=\"summary_large_image\" \/>\n<meta name=\"twitter:label1\" content=\"Gesch\u00e4tzte Lesezeit\" \/>\n\t<meta name=\"twitter:data1\" content=\"3\u00a0Minuten\" \/>\n<script type=\"application\/ld+json\" class=\"yoast-schema-graph\">{\"@context\":\"https:\/\/schema.org\",\"@graph\":[{\"@type\":\"WebPage\",\"@id\":\"https:\/\/ninahaeussle.at\/kraftsymbol\/datenschutz\/\",\"url\":\"https:\/\/ninahaeussle.at\/kraftsymbol\/datenschutz\/\",\"name\":\"Datenschutz - Nina H\u00e4u\u00dfle Grafik | Dein Kraftsymbol\",\"isPartOf\":{\"@id\":\"https:\/\/ninahaeussle.at\/kraftsymbol\/#website\"},\"datePublished\":\"2022-08-28T16:54:03+00:00\",\"dateModified\":\"2022-10-24T09:00:36+00:00\",\"breadcrumb\":{\"@id\":\"https:\/\/ninahaeussle.at\/kraftsymbol\/datenschutz\/#breadcrumb\"},\"inLanguage\":\"de\",\"potentialAction\":[{\"@type\":\"ReadAction\",\"target\":[\"https:\/\/ninahaeussle.at\/kraftsymbol\/datenschutz\/\"]}]},{\"@type\":\"BreadcrumbList\",\"@id\":\"https:\/\/ninahaeussle.at\/kraftsymbol\/datenschutz\/#breadcrumb\",\"itemListElement\":[{\"@type\":\"ListItem\",\"position\":1,\"name\":\"Startseite\",\"item\":\"https:\/\/ninahaeussle.at\/kraftsymbol\/\"},{\"@type\":\"ListItem\",\"position\":2,\"name\":\"Datenschutz\"}]},{\"@type\":\"WebSite\",\"@id\":\"https:\/\/ninahaeussle.at\/kraftsymbol\/#website\",\"url\":\"https:\/\/ninahaeussle.at\/kraftsymbol\/\",\"name\":\"Nina H\u00e4u\u00dfle Grafik | Dein Kraftsymbol\",\"description\":\"Dein Logo. Dein Kraftsymbol. Deine Mission.\",\"publisher\":{\"@id\":\"https:\/\/ninahaeussle.at\/kraftsymbol\/#organization\"},\"potentialAction\":[{\"@type\":\"SearchAction\",\"target\":{\"@type\":\"EntryPoint\",\"urlTemplate\":\"https:\/\/ninahaeussle.at\/kraftsymbol\/?s={search_term_string}\"},\"query-input\":{\"@type\":\"PropertyValueSpecification\",\"valueRequired\":true,\"valueName\":\"search_term_string\"}}],\"inLanguage\":\"de\"},{\"@type\":\"Organization\",\"@id\":\"https:\/\/ninahaeussle.at\/kraftsymbol\/#organization\",\"name\":\"Grafik in Ko-Kreation\",\"url\":\"https:\/\/ninahaeussle.at\/kraftsymbol\/\",\"logo\":{\"@type\":\"ImageObject\",\"inLanguage\":\"de\",\"@id\":\"https:\/\/ninahaeussle.at\/kraftsymbol\/#\/schema\/logo\/image\/\",\"url\":\"https:\/\/ninahaeussle.at\/kraftsymbol\/wp-content\/uploads\/2022\/05\/Logo-Grafik-in-Ko-Kreation-web.png\",\"contentUrl\":\"https:\/\/ninahaeussle.at\/kraftsymbol\/wp-content\/uploads\/2022\/05\/Logo-Grafik-in-Ko-Kreation-web.png\",\"width\":612,\"height\":294,\"caption\":\"Grafik in Ko-Kreation\"},\"image\":{\"@id\":\"https:\/\/ninahaeussle.at\/kraftsymbol\/#\/schema\/logo\/image\/\"}}]}<\/script>\n<!-- \/ Yoast SEO plugin. -->","yoast_head_json":{"title":"Datenschutz - Nina H\u00e4u\u00dfle Grafik | Dein Kraftsymbol","robots":{"index":"noindex","follow":"follow","max-snippet":"max-snippet:-1","max-image-preview":"max-image-preview:large","max-video-preview":"max-video-preview:-1"},"og_locale":"de_DE","og_type":"article","og_title":"Datenschutz - Nina H\u00e4u\u00dfle Grafik | Dein Kraftsymbol","og_description":"Datenschutz Der Schutz Ihrer pers\u00f6nlichen Daten ist uns wichtig. Wir verarbeiten Ihre Daten ausschlie\u00dflich im Rahmen der relevanten gesetzlichen Bestimmungen (DSGVO, DSG 2000, TKG 2003). Nachfolgend informieren wir Sie \u00fcber die wichtigsten Aspekte der Datenverarbeitung im Rahmen unserer Website oder einer Gesch\u00e4ftsbeziehung. Bedenken Sie, dass die Daten\u00fcbertragung im Internet grunds\u00e4tzlich mit Sicherheitsl\u00fccken bedacht sein kann. [&hellip;]","og_url":"https:\/\/ninahaeussle.at\/kraftsymbol\/datenschutz\/","og_site_name":"Nina H\u00e4u\u00dfle Grafik | Dein Kraftsymbol","article_modified_time":"2022-10-24T09:00:36+00:00","twitter_card":"summary_large_image","twitter_misc":{"Gesch\u00e4tzte Lesezeit":"3\u00a0Minuten"},"schema":{"@context":"https:\/\/schema.org","@graph":[{"@type":"WebPage","@id":"https:\/\/ninahaeussle.at\/kraftsymbol\/datenschutz\/","url":"https:\/\/ninahaeussle.at\/kraftsymbol\/datenschutz\/","name":"Datenschutz - Nina H\u00e4u\u00dfle Grafik | Dein Kraftsymbol","isPartOf":{"@id":"https:\/\/ninahaeussle.at\/kraftsymbol\/#website"},"datePublished":"2022-08-28T16:54:03+00:00","dateModified":"2022-10-24T09:00:36+00:00","breadcrumb":{"@id":"https:\/\/ninahaeussle.at\/kraftsymbol\/datenschutz\/#breadcrumb"},"inLanguage":"de","potentialAction":[{"@type":"ReadAction","target":["https:\/\/ninahaeussle.at\/kraftsymbol\/datenschutz\/"]}]},{"@type":"BreadcrumbList","@id":"https:\/\/ninahaeussle.at\/kraftsymbol\/datenschutz\/#breadcrumb","itemListElement":[{"@type":"ListItem","position":1,"name":"Startseite","item":"https:\/\/ninahaeussle.at\/kraftsymbol\/"},{"@type":"ListItem","position":2,"name":"Datenschutz"}]},{"@type":"WebSite","@id":"https:\/\/ninahaeussle.at\/kraftsymbol\/#website","url":"https:\/\/ninahaeussle.at\/kraftsymbol\/","name":"Nina H\u00e4u\u00dfle Grafik | Dein Kraftsymbol","description":"Dein Logo. Dein Kraftsymbol. Deine Mission.","publisher":{"@id":"https:\/\/ninahaeussle.at\/kraftsymbol\/#organization"},"potentialAction":[{"@type":"SearchAction","target":{"@type":"EntryPoint","urlTemplate":"https:\/\/ninahaeussle.at\/kraftsymbol\/?s={search_term_string}"},"query-input":{"@type":"PropertyValueSpecification","valueRequired":true,"valueName":"search_term_string"}}],"inLanguage":"de"},{"@type":"Organization","@id":"https:\/\/ninahaeussle.at\/kraftsymbol\/#organization","name":"Grafik in Ko-Kreation","url":"https:\/\/ninahaeussle.at\/kraftsymbol\/","logo":{"@type":"ImageObject","inLanguage":"de","@id":"https:\/\/ninahaeussle.at\/kraftsymbol\/#\/schema\/logo\/image\/","url":"https:\/\/ninahaeussle.at\/kraftsymbol\/wp-content\/uploads\/2022\/05\/Logo-Grafik-in-Ko-Kreation-web.png","contentUrl":"https:\/\/ninahaeussle.at\/kraftsymbol\/wp-content\/uploads\/2022\/05\/Logo-Grafik-in-Ko-Kreation-web.png","width":612,"height":294,"caption":"Grafik in Ko-Kreation"},"image":{"@id":"https:\/\/ninahaeussle.at\/kraftsymbol\/#\/schema\/logo\/image\/"}}]}},"_links":{"self":[{"href":"https:\/\/ninahaeussle.at\/kraftsymbol\/wp-json\/wp\/v2\/pages\/1682","targetHints":{"allow":["GET"]}}],"collection":[{"href":"https:\/\/ninahaeussle.at\/kraftsymbol\/wp-json\/wp\/v2\/pages"}],"about":[{"href":"https:\/\/ninahaeussle.at\/kraftsymbol\/wp-json\/wp\/v2\/types\/page"}],"author":[{"embeddable":true,"href":"https:\/\/ninahaeussle.at\/kraftsymbol\/wp-json\/wp\/v2\/users\/1"}],"replies":[{"embeddable":true,"href":"https:\/\/ninahaeussle.at\/kraftsymbol\/wp-json\/wp\/v2\/comments?post=1682"}],"version-history":[{"count":0,"href":"https:\/\/ninahaeussle.at\/kraftsymbol\/wp-json\/wp\/v2\/pages\/1682\/revisions"}],"wp:attachment":[{"href":"https:\/\/ninahaeussle.at\/kraftsymbol\/wp-json\/wp\/v2\/media?parent=1682"}],"curies":[{"name":"wp","href":"https:\/\/api.w.org\/{rel}","templated":true}]}}